{"id":3589,"date":"2017-10-25T14:20:35","date_gmt":"2017-10-25T12:20:35","guid":{"rendered":"https:\/\/ropsarchitetturaepaesaggio.com\/lp\/"},"modified":"2023-10-20T12:38:01","modified_gmt":"2023-10-20T10:38:01","slug":"lp","status":"publish","type":"page","link":"https:\/\/ropsarchitetturaepaesaggio.com\/es\/lp\/","title":{"rendered":"LP terrazzo"},"content":{"rendered":"<div class=\"wpb-content-wrapper\">[vc_row fullwidth=\u00bbtrue\u00bb fullwidth_content=\u00bbfalse\u00bb css=\u00bb.vc_custom_1508936409897{background-color: #ffffff !important;}\u00bb][vc_column][vc_row_inner][vc_column_inner width=\u00bb2\/6&#8243;][mk_image src=\u00bbhttps:\/\/ropsarchitetturaepaesaggio.com\/wp-content\/uploads\/2017\/09\/logo-days-one-new.png\u00bb image_size=\u00bbfull\u00bb][\/vc_column_inner][vc_column_inner width=\u00bb1\/6&#8243;][\/vc_column_inner][vc_column_inner width=\u00bb1\/6&#8243;][\/vc_column_inner][vc_column_inner width=\u00bb1\/6&#8243;][\/vc_column_inner][vc_column_inner width=\u00bb1\/6&#8243;][\/vc_column_inner][\/vc_row_inner][\/vc_column][\/vc_row][vc_row][vc_column][rev_slider_vc alias=\u00bblanding-page\u00bb][\/vc_column][\/vc_row][mk_page_section bg_color=\u00bb#ffffff\u00bb bg_position=\u00bbcenter center\u00bb bg_repeat=\u00bbno-repeat\u00bb bg_stretch=\u00bbtrue\u00bb video_loop=\u00bbfalse\u00bb min_height=\u00bb\u00bb padding_top=\u00bb100&#8243; padding_bottom=\u00bb130&#8243; top_shape_color=\u00bb#ffffff\u00bb bottom_shape_color=\u00bb#ffffff\u00bb section_id=\u00bbgarden_home_ideas\u00bb sidebar=\u00bbsidebar-1&#8243;][vc_column][vc_row_inner][vc_column_inner][mk_fancy_title size=\u00bb\u00bb margin_bottom=\u00bb0&#8243; font_family=\u00bbnone\u00bb align=\u00bbcenter\u00bb]Tre regali per il terrazzo ideale[\/mk_fancy_title][mk_divider style=\u00bbthin_solid\u00bb divider_width=\u00bbcustom_width\u00bb custom_width=\u00bb80&#8243; thin_single_color=\u00bb#89d84f\u00bb thickness=\u00bb3&#8243; margin_top=\u00bb5&#8243;][mk_fancy_title tag_name=\u00bbh3&#8243; color=\u00bb#787a79&#8243; size=\u00bb20&#8243; margin_bottom=\u00bb0&#8243; font_family=\u00bbnone\u00bb align=\u00bbcenter\u00bb el_class=\u00bbitaly_style\u00bb]Vuoi regalare (o regalarti perch\u00e8 no!) un terrazzo fiorito, originale e personale?<\/p>\n<p><strong>Acquista<\/strong> una delle nostre <strong>proposte per il Natale<\/strong>, potrai avere la consulenza di un <strong>Garden Designer professionista<\/strong>, per trasformare il tuo spazio a disposizione, <strong>in un angolo dei sogni.\u00a0<\/strong>[\/mk_fancy_title][\/vc_column_inner][\/vc_row_inner][mk_padding_divider size=\u00bb50&#8243;][vc_row_inner][vc_column_inner width=\u00bb1\/3&#8243;][mk_image src=\u00bbhttps:\/\/ropsarchitetturaepaesaggio.com\/wp-content\/uploads\/2017\/10\/i-fiori-da-mettere-sul-terrazzo-hdkh002376131340803_o_su_horizontal_fixed.jpg\u00bb image_size=\u00bbfull\u00bb align=\u00bbcenter\u00bb margin_bottom=\u00bb25&#8243;][vc_column_text title=\u00bbPensare il terrazzo\u00bb disable_pattern=\u00bbfalse\u00bb margin_bottom=\u00bb5&#8243;]Il servizio prevede una visita e una consulenza professionale per trasformare il tuo terrazzo in un&#8217;oasi da sogno.<\/p>\n<p><strong>Consulenza&amp;visita: \u20ac250,00\u00a0<\/strong>[\/vc_column_text][\/vc_column_inner][vc_column_inner width=\u00bb1\/3&#8243;][mk_image src=\u00bbhttps:\/\/ropsarchitetturaepaesaggio.com\/wp-content\/uploads\/2017\/10\/piante-per-terrazze_ng4.jpg\u00bb image_size=\u00bbfull\u00bb align=\u00bbcenter\u00bb margin_bottom=\u00bb25&#8243;][vc_column_text title=\u00bbIdee per il terrazzo\u00bb disable_pattern=\u00bbfalse\u00bb margin_bottom=\u00bb5&#8243;]Uno dei nostri consulenti verr\u00e0 a trovarti e ti fornir\u00e0 una consulenza dettagliata con un elenco di essenze per far splendere il tuo spazio.<\/p>\n<p><strong>Consulenza, visita + elenco delle essenze: \u20ac500,00\u00a0<\/strong>[\/vc_column_text][\/vc_column_inner][vc_column_inner width=\u00bb1\/3&#8243;][mk_image src=\u00bbhttps:\/\/ropsarchitetturaepaesaggio.com\/wp-content\/uploads\/2017\/10\/i-fiori-da-mettere-sul-terrazzo-hdmap2_o_su_horizontal_fixed.jpg\u00bb image_size=\u00bbfull\u00bb align=\u00bbcenter\u00bb margin_bottom=\u00bb25&#8243;][vc_column_text title=\u00bbProgettare il terrazzo\u00bb disable_pattern=\u00bbfalse\u00bb margin_bottom=\u00bb5&#8243;]Di tendenza e perfetto per la citt\u00e0: ti forniremo un progetto preliminare per trasformare la tua voglia di verde in realt\u00e0, con stile.<\/p>\n<p><strong>Progetto preliminare (fino a 50mq):\u00a0\u20ac.1000<\/strong>[\/vc_column_text][\/vc_column_inner][\/vc_row_inner][mk_padding_divider size=\u00bb20&#8243;][\/vc_column][\/mk_page_section][mk_page_section bg_image=\u00bbhttps:\/\/ropsarchitetturaepaesaggio.com\/wp-content\/uploads\/2017\/05\/bg-page-abstract.png\u00bb bg_color=\u00bb#27ae60&#8243; bg_position=\u00bbcenter center\u00bb video_loop=\u00bbfalse\u00bb top_shadow=\u00bbtrue\u00bb min_height=\u00bb\u00bb padding_top=\u00bb40&#8243; padding_bottom=\u00bb15&#8243; top_shape_color=\u00bb#ffffff\u00bb bottom_shape_color=\u00bb#ffffff\u00bb sidebar=\u00bbsidebar-1&#8243;][vc_column][vc_row_inner][vc_column_inner][vc_cta h2=\u00bbTrasforma la bellezza in realt\u00e0\u00bb shape=\u00bbsquare\u00bb style=\u00bbcustom\u00bb add_button=\u00bbright\u00bb btn_title=\u00bbRichiedi un preventivo gratuito\u00bb btn_style=\u00bbflat\u00bb btn_shape=\u00bbsquare\u00bb btn_color=\u00bbwarning\u00bb btn_size=\u00bblg\u00bb btn_i_type=\u00bblinecons\u00bb btn_i_icon_linecons=\u00bbvc_li vc_li-pen\u00bb btn_add_icon=\u00bbtrue\u00bb custom_background=\u00bbrgba(255,255,255,0.01)\u00bb custom_text=\u00bb#ffffff\u00bb el_class=\u00bbrops_call_to_action\u00bb css=\u00bb.vc_custom_1510824819673{border-top-width: 0px !important;border-right-width: 0px !important;border-bottom-width: 0px !important;border-left-width: 0px !important;}\u00bb btn_link=\u00bburl:%23page_form|||\u00bb]Ci prendiamo cura di ogni progetto che ci viene commissionato, coordinando tutte le fasi del lavoro, dall\u2019idea iniziale fino alla sua realizzazione. Curiosi, competenti, appassionati e creativi, ogni terrazzo che realizziamo e ogni casa che rinnoviamo sono per noi unici e motivo di soddisfazione.[\/vc_cta][\/vc_column_inner][\/vc_row_inner][\/vc_column][\/mk_page_section][mk_page_section bg_color=\u00bb#ffffff\u00bb bg_position=\u00bbcenter center\u00bb bg_repeat=\u00bbno-repeat\u00bb bg_stretch=\u00bbtrue\u00bb video_loop=\u00bbfalse\u00bb min_height=\u00bb\u00bb full_width=\u00bbtrue\u00bb js_vertical_centered=\u00bbtrue\u00bb padding_top=\u00bb0&#8243; padding_bottom=\u00bb0&#8243; top_shape_color=\u00bb#ffffff\u00bb bottom_shape_color=\u00bb#ffffff\u00bb sidebar=\u00bbsidebar-1&#8243;][vc_column width=\u00bb1\/2&#8243; css=\u00bb.vc_custom_1508934811080{background: #ededed url(https:\/\/ropsarchitetturaepaesaggio.com\/wp-content\/uploads\/2017\/09\/slide-1__1920x900.jpg?id=807) !important;background-position: center !important;background-repeat: no-repeat !important;background-size: cover !important;}\u00bb][mk_padding_divider size=\u00bb100&#8243;][vc_row_inner][vc_column_inner width=\u00bb1\/6&#8243;][\/vc_column_inner][vc_column_inner width=\u00bb2\/3&#8243;][mk_custom_box padding_horizental=\u00bb30&#8243; margin_bottom=\u00bb0&#8243; bg_color=\u00bb#ffffff\u00bb drop_shadow=\u00bbtrue\u00bb drop_shadow_distance=\u00bb3&#8243; drop_shadow_color=\u00bbrgba(0,0,0,0.3)\u00bb][mk_fancy_title size=\u00bb\u00bb margin_bottom=\u00bb0&#8243; font_family=\u00bbnone\u00bb align=\u00bbcenter\u00bb]Perch\u00e9 un garden designer[\/mk_fancy_title][mk_divider style=\u00bbthin_solid\u00bb divider_width=\u00bbcustom_width\u00bb custom_width=\u00bb80&#8243; thin_single_color=\u00bb#89d84f\u00bb thickness=\u00bb3&#8243; margin_top=\u00bb5&#8243;][vc_column_text disable_pattern=\u00bbfalse\u00bb align=\u00bbcenter\u00bb]Solo un occhio esperto, creativo e con conoscenze approfondite sapr\u00e0 aiutarti nella realizzazione delle tue aree verdi, ottimizzando al massimo ogni spazio per farti vivere in piena serenit\u00e0 con la natura che ti circonda. Anche se vivi in citt\u00e0. Anche se il budget a disposizione \u00e8 poco.[\/vc_column_text][\/mk_custom_box][\/vc_column_inner][vc_column_inner width=\u00bb1\/6&#8243;][\/vc_column_inner][\/vc_row_inner][mk_padding_divider size=\u00bb100&#8243;][\/vc_column][vc_column width=\u00bb1\/2&#8243;][mk_padding_divider size=\u00bb80&#8243;][vc_row_inner][vc_column_inner][mk_custom_box padding_vertical=\u00bb0&#8243; margin_bottom=\u00bb0&#8243; min_height=\u00bb0&#8243;][mk_fancy_title size=\u00bb\u00bb margin_bottom=\u00bb0&#8243; font_family=\u00bbnone\u00bb align=\u00bbcenter\u00bb]Dicono di me[\/mk_fancy_title][mk_divider style=\u00bbthin_solid\u00bb divider_width=\u00bbcustom_width\u00bb custom_width=\u00bb80&#8243; thin_single_color=\u00bb#89d84f\u00bb thickness=\u00bb3&#8243; margin_top=\u00bb5&#8243; margin_bottom=\u00bb0&#8243;][mk_testimonials style=\u00bbsimple\u00bb][\/mk_custom_box][\/vc_column_inner][\/vc_row_inner][\/vc_column][\/mk_page_section][mk_page_section bg_color=\u00bb#ffffff\u00bb bg_position=\u00bbcenter center\u00bb bg_repeat=\u00bbno-repeat\u00bb bg_stretch=\u00bbtrue\u00bb video_loop=\u00bbfalse\u00bb min_height=\u00bb\u00bb padding_top=\u00bb100&#8243; padding_bottom=\u00bb130&#8243; top_shape_color=\u00bb#ffffff\u00bb bottom_shape_color=\u00bb#ffffff\u00bb section_id=\u00bbgarden_home_ideas\u00bb sidebar=\u00bbsidebar-1&#8243;][vc_column][vc_row_inner][vc_column_inner][mk_fancy_title size=\u00bb\u00bb margin_bottom=\u00bb0&#8243; font_family=\u00bbnone\u00bb align=\u00bbcenter\u00bb]E con il <strong>bonus verde<\/strong> conviene ancora di pi\u00f9![\/mk_fancy_title][mk_divider style=\u00bbthin_solid\u00bb divider_width=\u00bbcustom_width\u00bb custom_width=\u00bb80&#8243; thin_single_color=\u00bb#89d84f\u00bb thickness=\u00bb3&#8243; margin_top=\u00bb5&#8243;][vc_column_text align=\u00bbcenter\u00bb]Il Governo Italiano ha inserito nella legge di bilancio un nuovo bonus verde che consentir\u00e0 per il 2018 la detrazione di una cifra pari al 36% delle spese documentate relative al verde, fino a un massimo di 5mila euro per ogni unit\u00e0 immobiliare.<\/p>\n<p>Il nuovo sconto,\u00a0 sar\u00e0 dedicato alla sistemazione a verde <em>\u00abdi aree scoperte private di edifici esistenti, unit\u00e0 immobiliari, pertinenze o recinzioni\u00bb<\/em>. Quindi, soprattutto <strong>terrazzi, balconi, giardini condominiali<\/strong>. Ma anche g<strong>iardini pensili e coperture, messa a dimora di piante e arbusti.<\/strong> La detrazione spetter\u00e0 anche per le spese condominiali: anche in questo caso si applica il tetto massimo di 5mila euro per unit\u00e0. (<em>fonte:<\/em> Il Sole 24 Ore)[\/vc_column_text][\/vc_column_inner][\/vc_row_inner][\/vc_column][\/mk_page_section][mk_page_section bg_color=\u00bb#ffffff\u00bb video_loop=\u00bbfalse\u00bb min_height=\u00bb0&#8243; full_width=\u00bbtrue\u00bb padding_top=\u00bb0&#8243; padding_bottom=\u00bb0&#8243; top_shape_color=\u00bb#ffffff\u00bb bottom_shape_color=\u00bb#ffffff\u00bb section_id=\u00bbintro_progettazione_giardini\u00bb sidebar=\u00bbsidebar-1&#8243;][vc_column][mk_fancy_title size=\u00bb\u00bb margin_bottom=\u00bb0&#8243; font_family=\u00bbnone\u00bb align=\u00bbcenter\u00bb]Alcune idee per il tuo terrazzo[\/mk_fancy_title][mk_divider style=\u00bbthin_solid\u00bb divider_width=\u00bbcustom_width\u00bb custom_width=\u00bb80&#8243; thin_single_color=\u00bb#89d84f\u00bb thickness=\u00bb3&#8243; margin_top=\u00bb5&#8243;][mk_gallery images=\u00bb965,960,961,964&#8243; column=\u00bb4&#8243; height=\u00bb160&#8243; item_spacing=\u00bb4&#8243; margin_bottom=\u00bb4&#8243;][\/vc_column][\/mk_page_section][mk_page_section bg_image=\u00bbhttps:\/\/ropsarchitetturaepaesaggio.com\/wp-content\/uploads\/2017\/05\/bg-page-abstract.png\u00bb bg_position=\u00bbcenter center\u00bb video_loop=\u00bbfalse\u00bb min_height=\u00bb\u00bb padding_top=\u00bb50&#8243; padding_bottom=\u00bb130&#8243; has_top_shape_divider=\u00bbtrue\u00bb top_shape_style=\u00bbjagged-top\u00bb top_shape_color=\u00bb\u00bb bottom_shape_color=\u00bb#ffffff\u00bb section_id=\u00bbpage_form\u00bb sidebar=\u00bbsidebar-1&#8243;][vc_column][vc_row_inner][vc_column_inner][mk_custom_box padding_horizental=\u00bb30&#8243; margin_bottom=\u00bb20&#8243; bg_color=\u00bb#ffffff\u00bb drop_shadow=\u00bbtrue\u00bb drop_shadow_distance=\u00bb3&#8243; drop_shadow_color=\u00bbrgba(0,0,0,0.2)\u00bb][mk_fancy_title size=\u00bb\u00bb margin_bottom=\u00bb0&#8243; font_family=\u00bbnone\u00bb responsive_align=\u00bbleft\u00bb]Scrivici e parlaci del tuo progetto![\/mk_fancy_title][mk_divider style=\u00bbthin_solid\u00bb divider_width=\u00bbcustom_width\u00bb custom_width=\u00bb80&#8243; align=\u00bbleft\u00bb thin_single_color=\u00bb#89d84f\u00bb thickness=\u00bb3&#8243; margin_top=\u00bb5&#8243; margin_bottom=\u00bb30&#8243;]\n<div class=\"wpcf7 no-js\" id=\"wpcf7-f900-o1\" lang=\"it-IT\" dir=\"ltr\" data-wpcf7-id=\"900\">\n<div class=\"screen-reader-response\"><p role=\"status\" aria-live=\"polite\" aria-atomic=\"true\"><\/p> <ul><\/ul><\/div>\n<form action=\"\/es\/wp-json\/wp\/v2\/pages\/3589#wpcf7-f900-o1\" method=\"post\" class=\"wpcf7-form init\" aria-label=\"Modulo di contatto\" novalidate=\"novalidate\" data-status=\"init\">\n<fieldset class=\"hidden-fields-container\"><input type=\"hidden\" name=\"_wpcf7\" value=\"900\" \/><input type=\"hidden\" name=\"_wpcf7_version\" value=\"6.1.5\" \/><input type=\"hidden\" name=\"_wpcf7_locale\" value=\"it_IT\" \/><input type=\"hidden\" name=\"_wpcf7_unit_tag\" value=\"wpcf7-f900-o1\" \/><input type=\"hidden\" name=\"_wpcf7_container_post\" value=\"0\" \/><input type=\"hidden\" name=\"_wpcf7_posted_data_hash\" value=\"\" \/><input type=\"hidden\" name=\"_wpcf7_recaptcha_response\" value=\"\" \/>\n<\/fieldset>\n<div class=\"custom_form\">\n\t<div class=\"form_group two_items\">\n\t\t<div class=\"form_item\">\n\t\t\t<p><span class=\"wpcf7-form-control-wrap\" data-name=\"nome\"><input size=\"40\" maxlength=\"400\" class=\"wpcf7-form-control wpcf7-text wpcf7-validates-as-required\" aria-required=\"true\" aria-invalid=\"false\" placeholder=\"Nome\" value=\"\" type=\"text\" name=\"nome\" \/><\/span>\n\t\t\t<\/p>\n\t\t<\/div>\n\t\t<div class=\"form_item\">\n\t\t\t<p><span class=\"wpcf7-form-control-wrap\" data-name=\"cognome\"><input size=\"40\" maxlength=\"400\" class=\"wpcf7-form-control wpcf7-text wpcf7-validates-as-required\" aria-required=\"true\" aria-invalid=\"false\" placeholder=\"Cognome\" value=\"\" type=\"text\" name=\"cognome\" \/><\/span>\n\t\t\t<\/p>\n\t\t<\/div>\n\t<\/div>\n\t<div class=\"form_group two_items\">\n\t\t<div class=\"form_item\">\n\t\t\t<p><span class=\"wpcf7-form-control-wrap\" data-name=\"email\"><input size=\"40\" maxlength=\"400\" class=\"wpcf7-form-control wpcf7-email wpcf7-validates-as-required wpcf7-text wpcf7-validates-as-email\" aria-required=\"true\" aria-invalid=\"false\" placeholder=\"E-mail *\" value=\"\" type=\"email\" name=\"email\" \/><\/span>\n\t\t\t<\/p>\n\t\t<\/div>\n\t\t<div class=\"form_item\">\n\t\t\t<p><span class=\"wpcf7-form-control-wrap\" data-name=\"telefono\"><input size=\"40\" maxlength=\"400\" class=\"wpcf7-form-control wpcf7-text\" aria-invalid=\"false\" placeholder=\"Telefono\" value=\"\" type=\"text\" name=\"telefono\" \/><\/span>\n\t\t\t<\/p>\n\t\t<\/div>\n\t<\/div>\n\t<div class=\"form_group one_item\">\n\t\t<div class=\"form_item\">\n\t\t\t<p><label for=\"menu-542\">Scegli il servizio<\/label><br \/>\n<span class=\"wpcf7-form-control-wrap\" data-name=\"menu-542\"><select class=\"wpcf7-form-control wpcf7-select\" aria-invalid=\"false\" name=\"menu-542\"><option value=\"\">&#8212;Seleziona un&#039;opzione&#8212;<\/option><option value=\"Pensare il terrazzo\">Pensare il terrazzo<\/option><option value=\"Idee per il terrazzo\">Idee per il terrazzo<\/option><option value=\"Progetto preliminare\">Progetto preliminare<\/option><option value=\"Altro\">Altro<\/option><\/select><\/span>\n\t\t\t<\/p>\n\t\t<\/div>\n\t<\/div>\n\t<div class=\"form_group one_item\">\n\t\t<div class=\"form_item\">\n\t\t\t<p><span class=\"wpcf7-form-control-wrap\" data-name=\"messaggio\"><textarea cols=\"40\" rows=\"10\" maxlength=\"2000\" class=\"wpcf7-form-control wpcf7-textarea wpcf7-validates-as-required\" aria-required=\"true\" aria-invalid=\"false\" placeholder=\"Messaggio *\" name=\"messaggio\"><\/textarea><\/span>\n\t\t\t<\/p>\n\t\t<\/div>\n\t<\/div>\n\t<div class=\"form_group one_item\">\n\t\t<div class=\"form_item\">\n\t\t\t<p><span class=\"privacy_info\"><span class=\"wpcf7-form-control-wrap\" data-name=\"acceptance-35\"><span class=\"wpcf7-form-control wpcf7-acceptance\"><span class=\"wpcf7-list-item\"><input type=\"checkbox\" name=\"acceptance-35\" value=\"1\" aria-invalid=\"false\" \/><\/span><\/span><\/span> Ho letto la <a href=\"\/\/www.iubenda.com\/privacy-policy\/8226435\/legal\" target=\"_blank\" title=\"Privacy Policy\">Privacy Policy<\/a> e acconsento all'utilizzo del mio indirizzo mail per ricevere newsletter relative alle offerte promozionali e per rimanere aggiornato sui vostri prodotti e servizi.<\/span><br \/>\n<script type=\"text\/javascript\">(function (w,d) {var loader = function () {var s = d.createElement(\"script\"), tag = d.getElementsByTagName(\"script\")[0]; s.src = \"\/\/cdn.iubenda.com\/iubenda.js\"; tag.parentNode.insertBefore(s,tag);}; if(w.addEventListener){w.addEventListener(\"load\", loader, false);}else if(w.attachEvent){w.attachEvent(\"onload\", loader);}else{w.onload = loader;}})(window, document);<\/script>\n\t\t\t<\/p>\n\t\t<\/div>\n\t<\/div>\n\t<div class=\"form_group one_item last_item\">\n\t\t<div class=\"form_item\">\n\t\t\t<p><input class=\"wpcf7-form-control wpcf7-submit has-spinner\" type=\"submit\" value=\"Invia\" \/>\n\t\t\t<\/p>\n\t\t<\/div>\n\t<\/div>\n<\/div><p style=\"display: none !important;\" class=\"akismet-fields-container\" data-prefix=\"_wpcf7_ak_\"><label>&#916;<textarea name=\"_wpcf7_ak_hp_textarea\" cols=\"45\" rows=\"8\" maxlength=\"100\"><\/textarea><\/label><input type=\"hidden\" id=\"ak_js_1\" name=\"_wpcf7_ak_js\" value=\"215\"\/><script>document.getElementById( \"ak_js_1\" ).setAttribute( \"value\", ( new Date() ).getTime() );<\/script><\/p><div class=\"wpcf7-response-output\" aria-hidden=\"true\"><\/div>\n<\/form>\n<\/div>\n[\/mk_custom_box][\/vc_column_inner][\/vc_row_inner][\/vc_column][\/mk_page_section][mk_page_section bg_color=\u00bb#ffffff\u00bb bg_position=\u00bbcenter center\u00bb bg_repeat=\u00bbno-repeat\u00bb bg_stretch=\u00bbtrue\u00bb video_loop=\u00bbfalse\u00bb min_height=\u00bb\u00bb padding_top=\u00bb100&#8243; padding_bottom=\u00bb130&#8243; top_shape_color=\u00bb#ffffff\u00bb bottom_shape_color=\u00bb#ffffff\u00bb section_id=\u00bbgarden_home_ideas\u00bb sidebar=\u00bbsidebar-1&#8243;][vc_column][vc_row_inner][vc_column_inner][mk_fancy_title size=\u00bb\u00bb margin_bottom=\u00bb0&#8243; font_family=\u00bbnone\u00bb align=\u00bbcenter\u00bb]Chi siamo[\/mk_fancy_title][mk_divider style=\u00bbthin_solid\u00bb divider_width=\u00bbcustom_width\u00bb custom_width=\u00bb80&#8243; thin_single_color=\u00bb#89d84f\u00bb thickness=\u00bb3&#8243; margin_top=\u00bb5&#8243;][mk_fancy_title tag_name=\u00bbh3&#8243; color=\u00bb#787a79&#8243; size=\u00bb20&#8243; margin_bottom=\u00bb0&#8243; font_family=\u00bbnone\u00bb align=\u00bbcenter\u00bb el_class=\u00bbitaly_style\u00bb]Creiamo atmosfere magiche nella natura in cui emozionarti e farti sognare ad occhi aperti.[\/mk_fancy_title][vc_column_text align=\u00bbcenter\u00bb]ROPS architettura e paesaggio \u00e8 uno studio di progettazione architettonica, di interni e di giardini.<br \/>\nNato nel 2014 dalla mente creativa di Michele, ci prendiamo cura di ogni progetto che ci viene commissionato, coordinando tutte le fasi del lavoro, dall\u2019idea iniziale fino alla sua realizzazione. Curiosi, competenti, appassionati e creativi, ogni giardino che realizziamo e ogni casa che rinnoviamo sono per noi unici e motivo di soddisfazione.<\/p>\n<p>Realizzati su misura sulle esigenze e necessit\u00e0 del cliente, i nostri progetti trasformano la bellezza in realt\u00e0.[\/vc_column_text][\/vc_column_inner][\/vc_row_inner][\/vc_column][\/mk_page_section][mk_page_section bg_color=\u00bb#ffffff\u00bb bg_position=\u00bbcenter center\u00bb bg_repeat=\u00bbno-repeat\u00bb bg_stretch=\u00bbtrue\u00bb video_loop=\u00bbfalse\u00bb min_height=\u00bb\u00bb padding_top=\u00bb0&#8243; padding_bottom=\u00bb50&#8243; top_shape_color=\u00bb#ffffff\u00bb bottom_shape_color=\u00bb#ffffff\u00bb section_id=\u00bbgarden_home_ideas\u00bb sidebar=\u00bbsidebar-1&#8243;][vc_column][vc_row_inner][vc_column_inner][vc_column_text align=\u00bbcenter\u00bb]\u00a9 2017 ROPS architettura e paesaggio | Piazza Labriola, 50 Cassino (FR) &#8211; Via Davide Bertolotti, 2 Torino (TO) | P.I. 12739871007<br \/>\nPrivacy Policy &#8211; Cookie policy &#8211; Sitemap &#8211; Credits: Web Design &amp; Digital Marketing by ZioSEM[\/vc_column_text][\/vc_column_inner][\/vc_row_inner][\/vc_column][\/mk_page_section]\n<\/div>","protected":false},"excerpt":{"rendered":"<p>[vc_row fullwidth=\u00bbtrue\u00bb fullwidth_content=\u00bbfalse\u00bb css=\u00bb.vc_custom_1508936409897{background-color: #ffffff !important;}\u00bb][vc_column][vc_row_inner][vc_column_inner width=\u00bb2\/6&#8243;][mk_image src=\u00bbhttps:\/\/ropsarchitetturaepaesaggio.com\/wp-content\/uploads\/2017\/09\/logo-days-one-new.png\u00bb image_size=\u00bbfull\u00bb][\/vc_column_inner][vc_column_inner width=\u00bb1\/6&#8243;][\/vc_column_inner][vc_column_inner width=\u00bb1\/6&#8243;][\/vc_column_inner][vc_column_inner width=\u00bb1\/6&#8243;][\/vc_column_inner][vc_column_inner width=\u00bb1\/6&#8243;][\/vc_column_inner][\/vc_row_inner][\/vc_column][\/vc_row][vc_row][vc_column][rev_slider_vc alias=\u00bblanding-page\u00bb][\/vc_column][\/vc_row][mk_page_section bg_color=\u00bb#ffffff\u00bb bg_position=\u00bbcenter center\u00bb bg_repeat=\u00bbno-repeat\u00bb bg_stretch=\u00bbtrue\u00bb video_loop=\u00bbfalse\u00bb min_height=\u00bb\u00bb padding_top=\u00bb100&#8243; padding_bottom=\u00bb130&#8243; top_shape_color=\u00bb#ffffff\u00bb bottom_shape_color=\u00bb#ffffff\u00bb section_id=\u00bbgarden_home_ideas\u00bb sidebar=\u00bbsidebar-1&#8243;][vc_column][vc_row_inner][vc_column_inner][mk_fancy_title size=\u00bb\u00bb margin_bottom=\u00bb0&#8243; font_family=\u00bbnone\u00bb align=\u00bbcenter\u00bb]Tre regali per il terrazzo ideale[\/mk_fancy_title][mk_divider style=\u00bbthin_solid\u00bb divider_width=\u00bbcustom_width\u00bb custom_width=\u00bb80&#8243; thin_single_color=\u00bb#89d84f\u00bb thickness=\u00bb3&#8243; margin_top=\u00bb5&#8243;][mk_fancy_title tag_name=\u00bbh3&#8243; color=\u00bb#787a79&#8243; size=\u00bb20&#8243; margin_bottom=\u00bb0&#8243; font_family=\u00bbnone\u00bb align=\u00bbcenter\u00bb el_class=\u00bbitaly_style\u00bb]Vuoi regalare (o regalarti perch\u00e8 no!) un [&hellip;]<\/p>\n","protected":false},"author":3,"featured_media":0,"parent":0,"menu_order":0,"comment_status":"closed","ping_status":"closed","template":"","meta":{"_acf_changed":false,"footnotes":""},"class_list":["post-3589","page","type-page","status-publish","hentry"],"acf":[],"aioseo_notices":[],"_links":{"self":[{"href":"https:\/\/ropsarchitetturaepaesaggio.com\/es\/wp-json\/wp\/v2\/pages\/3589","targetHints":{"allow":["GET"]}}],"collection":[{"href":"https:\/\/ropsarchitetturaepaesaggio.com\/es\/wp-json\/wp\/v2\/pages"}],"about":[{"href":"https:\/\/ropsarchitetturaepaesaggio.com\/es\/wp-json\/wp\/v2\/types\/page"}],"author":[{"embeddable":true,"href":"https:\/\/ropsarchitetturaepaesaggio.com\/es\/wp-json\/wp\/v2\/users\/3"}],"replies":[{"embeddable":true,"href":"https:\/\/ropsarchitetturaepaesaggio.com\/es\/wp-json\/wp\/v2\/comments?post=3589"}],"version-history":[{"count":2,"href":"https:\/\/ropsarchitetturaepaesaggio.com\/es\/wp-json\/wp\/v2\/pages\/3589\/revisions"}],"predecessor-version":[{"id":3593,"href":"https:\/\/ropsarchitetturaepaesaggio.com\/es\/wp-json\/wp\/v2\/pages\/3589\/revisions\/3593"}],"wp:attachment":[{"href":"https:\/\/ropsarchitetturaepaesaggio.com\/es\/wp-json\/wp\/v2\/media?parent=3589"}],"curies":[{"name":"wp","href":"https:\/\/api.w.org\/{rel}","templated":true}]}}