{"id":3529,"date":"2017-09-26T09:30:18","date_gmt":"2017-09-26T07:30:18","guid":{"rendered":"https:\/\/ropsarchitetturaepaesaggio.com\/cookie-policy\/"},"modified":"2023-03-28T16:38:13","modified_gmt":"2023-03-28T14:38:13","slug":"cookie-policy","status":"publish","type":"page","link":"https:\/\/ropsarchitetturaepaesaggio.com\/es\/cookie-policy\/","title":{"rendered":"Cookie policy"},"content":{"rendered":"<div class=\"wpb-content-wrapper\">[mk_page_section bg_color=\u00bb#ffffff\u00bb video_loop=\u00bbfalse\u00bb padding_top=\u00bb120&#8243; padding_bottom=\u00bb120&#8243; sidebar=\u00bbsidebar-1&#8243;][vc_column][vc_row_inner][vc_column_inner][mk_fancy_title size=\u00bb\u00bb margin_bottom=\u00bb0&#8243; font_family=\u00bbnone\u00bb responsive_align=\u00bbleft\u00bb]Cookie policy[\/mk_fancy_title][mk_fancy_title tag_name=\u00bbh3&#8243; color=\u00bb#787a79&#8243; size=\u00bb20&#8243; margin_bottom=\u00bb0&#8243; font_family=\u00bbnone\u00bb responsive_align=\u00bbleft\u00bb el_class=\u00bbitaly_style\u00bb]Cuando visita nuestro sitio web ropsarchitetturaepaesaggio.com, algunas cookies se descargan en su computadora, computadora port\u00e1til o tableta.[\/mk_fancy_title][vc_column_text disable_pattern=\u00bbfalse\u00bb margin_bottom=\u00bb5&#8243;]Nuestro sitio est\u00e1 dise\u00f1ado para responder a las necesidades y expectativas de nuestros usuarios. Por ejemplo, utilizamos cookies para identificarlo e iniciar sesi\u00f3n en su registro. Esta p\u00e1gina le permite comprender mejor c\u00f3mo funcionan las cookies y c\u00f3mo configurarlas.[\/vc_column_text][mk_fancy_title size=\u00bb26&#8243; margin_bottom=\u00bb0&#8243; font_family=\u00bbnone\u00bb responsive_align=\u00bbleft\u00bb]Definici\u00f3n de galletas[\/mk_fancy_title][vc_column_text disable_pattern=\u00bbfalse\u00bb margin_bottom=\u00bb5&#8243;]Una cookie es un archivo de texto que se descarga en su ordenador cuando visita un sitio o consulta un anuncio. Su finalidad es recopilar informaci\u00f3n relativa a su navegador y dirigirle a los servicios adaptados a su terminal (ordenador, port\u00e1til, tableta). Las cookies son administradas por su navegador de Internet.[\/vc_column_text][mk_fancy_title size=\u00bb26&#8243; margin_bottom=\u00bb0&#8243; font_family=\u00bbnone\u00bb responsive_align=\u00bbleft\u00bb]Qui\u00e9n emite las cookies[\/mk_fancy_title][mk_fancy_title tag_name=\u00bbh4&#8243; size=\u00bb\u00bb font_weight=\u00bb600&#8243; txt_transform=\u00bbuppercase\u00bb margin_bottom=\u00bb0&#8243; font_family=\u00bbnone\u00bb responsive_align=\u00bbleft\u00bb]Cookies de ropsarchitetturaepaesaggio.com[\/mk_fancy_title][vc_column_text disable_pattern=\u00bbfalse\u00bb margin_bottom=\u00bb5&#8243;]Son cookies descargadas por ropsarchitetturaepaesaggio.com en su ordenador para satisfacer las necesidades de navegaci\u00f3n, optimizaci\u00f3n y personalizaci\u00f3n de los servicios de nuestro sitio.[\/vc_column_text][mk_fancy_title tag_name=\u00bbh4&#8243; size=\u00bb\u00bb font_weight=\u00bb600&#8243; txt_transform=\u00bbuppercase\u00bb margin_bottom=\u00bb0&#8243; font_family=\u00bbnone\u00bb responsive_align=\u00bbleft\u00bb]Cookies de terceros[\/mk_fancy_title][vc_column_text disable_pattern=\u00bbfalse\u00bb margin_bottom=\u00bb5&#8243;]Estas son cookies descargadas por empresas de terceros (por ejemplo, nuestros socios) para identificar sus centros de inter\u00e9s y posiblemente personalizar la oferta publicitaria a la que se dirige dentro y fuera de nuestro sitio. Se pueden descargar cuando navega por nuestro sitio o cuando hace clic en los espacios publicitarios de nuestro sitio. Nos aseguramos de que nuestras empresas asociadas cumplan estrictamente con la implementaci\u00f3n de la Directiva CE 2009\/136 y se comprometan a implementar las medidas de seguridad y protecci\u00f3n de datos adecuadas.[\/vc_column_text][mk_fancy_title size=\u00bb26&#8243; margin_bottom=\u00bb0&#8243; font_family=\u00bbnone\u00bb responsive_align=\u00bbleft\u00bb]Configuraci\u00f3n de su navegador de Internet[\/mk_fancy_title][mk_fancy_title tag_name=\u00bbh3&#8243; color=\u00bb#787a79&#8243; size=\u00bb20&#8243; margin_bottom=\u00bb0&#8243; font_family=\u00bbnone\u00bb responsive_align=\u00bbleft\u00bb el_class=\u00bbitaly_style\u00bb]Puede optar por deshabilitar las cookies en cualquier momento. Su navegador puede configurarse para que le notifique las cookies que se descargan en su ordenador y le pida que las acepte o no. Puede aceptar o rechazar las cookies de vez en cuando o rechazarlas sistem\u00e1ticamente. Le recordamos que la configuraci\u00f3n puede cambiar sus condiciones de acceso a nuestros contenidos y servicios que requieren el uso de cookies. Si su navegador est\u00e1 configurado para rechazar todas las cookies, no podr\u00e1 utilizar algunos de nuestros servicios. Para administrar las cookies m\u00e1s cerca de sus expectativas, lo invitamos a configurar su navegador teniendo en cuenta el prop\u00f3sito de las cookies.[\/mk_fancy_title][mk_fancy_title tag_name=\u00bbh4&#8243; size=\u00bb\u00bb font_weight=\u00bb600&#8243; txt_transform=\u00bbuppercase\u00bb margin_bottom=\u00bb0&#8243; font_family=\u00bbnone\u00bb responsive_align=\u00bbleft\u00bb]Internet Explorer[\/mk_fancy_title][vc_column_text disable_pattern=\u00bbfalse\u00bb margin_bottom=\u00bb5&#8243;]En Internet Explorer, haga clic en \u00abHerramientas\u00bb, luego en \u00abOpciones de Internet\u00bb. En la pesta\u00f1a \u00abPrivacidad\u00bb, \u00abAvanzado\u00bb, elige el modo.[\/vc_column_text][mk_fancy_title tag_name=\u00bbh4&#8243; size=\u00bb\u00bb font_weight=\u00bb600&#8243; txt_transform=\u00bbuppercase\u00bb margin_bottom=\u00bb0&#8243; font_family=\u00bbnone\u00bb responsive_align=\u00bbleft\u00bb]Firefox[\/mk_fancy_title][vc_column_text disable_pattern=\u00bbfalse\u00bb margin_bottom=\u00bb5&#8243;]Vaya a Herramientas de navegaci\u00f3n y luego seleccione el men\u00fa \u00abOpciones\u00bb. En la ventana que se abre, seleccione \u00abPrivacidad\u00bb y haga clic en Ver cookies.[\/vc_column_text][mk_fancy_title tag_name=\u00bbh4&#8243; size=\u00bb\u00bb font_weight=\u00bb600&#8243; txt_transform=\u00bbuppercase\u00bb margin_bottom=\u00bb0&#8243; font_family=\u00bbnone\u00bb responsive_align=\u00bbleft\u00bb]Safari[\/mk_fancy_title][vc_column_text disable_pattern=\u00bbfalse\u00bb margin_bottom=\u00bb5&#8243;]Desde su tableta, elija el men\u00fa \u00abConfiguraci\u00f3n\u00bb, \u00abSafari\u00bb, \u00abPrivacidad y seguridad\u00bb, Bloquear cookies y elija el modo.[\/vc_column_text][mk_fancy_title tag_name=\u00bbh4&#8243; size=\u00bb\u00bb font_weight=\u00bb600&#8243; txt_transform=\u00bbuppercase\u00bb margin_bottom=\u00bb0&#8243; font_family=\u00bbnone\u00bb responsive_align=\u00bbleft\u00bb]Google Chrome[\/mk_fancy_title][vc_column_text disable_pattern=\u00bbfalse\u00bb margin_bottom=\u00bb5&#8243;]Haga clic en el icono del men\u00fa \u00abHerramientas\u00bb. Seleccione \u00abOpciones\u00bb, haga clic en la pesta\u00f1a \u00abOpciones avanzadas\u00bb y acceda a la secci\u00f3n \u00abConfidencialidad\u00bb. Haga clic en \u00abVer cookies\u00bb.[\/vc_column_text][\/vc_column_inner][\/vc_row_inner][\/vc_column][\/mk_page_section]\n<\/div>","protected":false},"excerpt":{"rendered":"<p>[mk_page_section bg_color=\u00bb#ffffff\u00bb video_loop=\u00bbfalse\u00bb padding_top=\u00bb120&#8243; padding_bottom=\u00bb120&#8243; sidebar=\u00bbsidebar-1&#8243;][vc_column][vc_row_inner][vc_column_inner][mk_fancy_title size=\u00bb\u00bb margin_bottom=\u00bb0&#8243; font_family=\u00bbnone\u00bb responsive_align=\u00bbleft\u00bb]Cookie policy[\/mk_fancy_title][mk_fancy_title tag_name=\u00bbh3&#8243; color=\u00bb#787a79&#8243; size=\u00bb20&#8243; margin_bottom=\u00bb0&#8243; font_family=\u00bbnone\u00bb responsive_align=\u00bbleft\u00bb el_class=\u00bbitaly_style\u00bb]Cuando visita nuestro sitio web ropsarchitetturaepaesaggio.com, algunas cookies se descargan en su computadora, computadora port\u00e1til o tableta.[\/mk_fancy_title][vc_column_text disable_pattern=\u00bbfalse\u00bb margin_bottom=\u00bb5&#8243;]Nuestro sitio est\u00e1 dise\u00f1ado para responder a las necesidades y expectativas de nuestros usuarios. Por ejemplo, utilizamos cookies para identificarlo [&hellip;]<\/p>\n","protected":false},"author":3,"featured_media":0,"parent":0,"menu_order":0,"comment_status":"closed","ping_status":"closed","template":"","meta":{"_acf_changed":false,"footnotes":""},"class_list":["post-3529","page","type-page","status-publish","hentry"],"acf":[],"aioseo_notices":[],"_links":{"self":[{"href":"https:\/\/ropsarchitetturaepaesaggio.com\/es\/wp-json\/wp\/v2\/pages\/3529","targetHints":{"allow":["GET"]}}],"collection":[{"href":"https:\/\/ropsarchitetturaepaesaggio.com\/es\/wp-json\/wp\/v2\/pages"}],"about":[{"href":"https:\/\/ropsarchitetturaepaesaggio.com\/es\/wp-json\/wp\/v2\/types\/page"}],"author":[{"embeddable":true,"href":"https:\/\/ropsarchitetturaepaesaggio.com\/es\/wp-json\/wp\/v2\/users\/3"}],"replies":[{"embeddable":true,"href":"https:\/\/ropsarchitetturaepaesaggio.com\/es\/wp-json\/wp\/v2\/comments?post=3529"}],"version-history":[{"count":3,"href":"https:\/\/ropsarchitetturaepaesaggio.com\/es\/wp-json\/wp\/v2\/pages\/3529\/revisions"}],"predecessor-version":[{"id":3532,"href":"https:\/\/ropsarchitetturaepaesaggio.com\/es\/wp-json\/wp\/v2\/pages\/3529\/revisions\/3532"}],"wp:attachment":[{"href":"https:\/\/ropsarchitetturaepaesaggio.com\/es\/wp-json\/wp\/v2\/media?parent=3529"}],"curies":[{"name":"wp","href":"https:\/\/api.w.org\/{rel}","templated":true}]}}