{"id":3380,"date":"2017-06-26T16:21:30","date_gmt":"2017-06-26T14:21:30","guid":{"rendered":"https:\/\/ropsarchitetturaepaesaggio.com\/remodelacion-del-hogar\/"},"modified":"2023-03-10T16:54:32","modified_gmt":"2023-03-10T15:54:32","slug":"remodelacion-del-hogar","status":"publish","type":"page","link":"https:\/\/ropsarchitetturaepaesaggio.com\/es\/remodelacion-del-hogar\/","title":{"rendered":"Remodelaci\u00f3n Del Hogar"},"content":{"rendered":"<div class=\"wpb-content-wrapper\">[mk_page_section bg_color=\u00bb#ffffff\u00bb video_loop=\u00bbfalse\u00bb min_height=\u00bb0&#8243; full_width=\u00bbtrue\u00bb padding_top=\u00bb0&#8243; padding_bottom=\u00bb0&#8243; top_shape_color=\u00bb#ffffff\u00bb bottom_shape_color=\u00bb#ffffff\u00bb section_id=\u00bbintro_home_restyling\u00bb sidebar=\u00bbsidebar-1&#8243;][vc_column][mk_gallery images=\u00bb830,831,832,833&#8243; column=\u00bb4&#8243; height=\u00bb160&#8243; item_spacing=\u00bb4&#8243; margin_bottom=\u00bb4&#8243;][\/vc_column][\/mk_page_section][mk_page_section bg_color=\u00bb#ffffff\u00bb video_loop=\u00bbfalse\u00bb padding_top=\u00bb90&#8243; padding_bottom=\u00bb90&#8243; top_shape_color=\u00bb#ffffff\u00bb bottom_shape_color=\u00bb#ffffff\u00bb sidebar=\u00bbsidebar-1&#8243;][vc_column][vc_row_inner][vc_column_inner][mk_fancy_title size=\u00bb\u00bb margin_bottom=\u00bb0&#8243; font_family=\u00bbnone\u00bb responsive_align=\u00bbleft\u00bb]Remodelaci\u00f3n Del Hogar[\/mk_fancy_title][mk_fancy_title tag_name=\u00bbh3&#8243; color=\u00bb#787a79&#8243; size=\u00bb20&#8243; margin_bottom=\u00bb0&#8243; font_family=\u00bbnone\u00bb responsive_align=\u00bbleft\u00bb el_class=\u00bbitaly_style\u00bb]Nuestro servicio personalizado para ti que ya no te sientes a gusto en los espacios de tu hogar y necesitas darle un nuevo aire a tu hogar para hacerlo m\u00e1s tuyo.[\/mk_fancy_title][vc_column_text disable_pattern=\u00bbfalse\u00bb margin_bottom=\u00bb5&#8243;]Si est\u00e1s aqu\u00ed es porque te encuentras en una situaci\u00f3n as\u00ed: llevas unos a\u00f1os viviendo en una casa y est\u00e1s cansado de c\u00f3mo la has amueblado. Una vez estuviste loco por el estilo \u00e9tnico, ahora solo ver un mueble de bamb\u00fa te pone ansioso. Sue\u00f1as con una casa m\u00e1s nueva, m\u00e1s joven, acorde con tus gustos e ideas actuales. \u00bfQu\u00e9 hacer?<\/p>\n<p>Estamos aqu\u00ed para eso: para ayudarte a <strong>renovar tu hogar<\/strong> y que te enamores de nuevo de cada rinc\u00f3n, sin obligarte a grandes reformas ni comprar costosos complementos de decoraci\u00f3n.<\/p>\n<p>El servicio de remodelaci\u00f3n de viviendas es perfecto no solo para aquellos que tienen su propia casa, sino tambi\u00e9n para aquellos que est\u00e1n alquilando y quieren remodelar los espacios para hacerlos m\u00e1s acogedores y m\u00e1s cercanos a su estilo. Entre los tipos de intervenciones que podemos ofrecerle se encuentran:<\/p>\n<ul>\n<li>\u2022 una reorganizaci\u00f3n m\u00e1s funcional de las habitaciones;<\/li>\n<li>\u2022 la reposici\u00f3n de muebles, l\u00e1mparas, cuadros;<\/li>\n<li>\u2022 la sustituci\u00f3n de accesorios antiguos por elementos m\u00e1s modernos;<\/li>\n<li>\u2022 mejora de la iluminaci\u00f3n;<\/li>\n<li>\u2022 la compra de nuevos cojines, cortinas y alfombras;<\/li>\n<li>\u2022 la reorganizaci\u00f3n de los espacios y la eliminaci\u00f3n de lo superfluo.<\/li>\n<\/ul>\n<p>En definitiva, con nuestro servicio de <strong>remodelaci\u00f3n del hogar<\/strong> no tendr\u00e1s ganas de estar en casa.[\/vc_column_text][\/vc_column_inner][\/vc_row_inner][\/vc_column][\/mk_page_section][mk_page_section bg_image=\u00bbhttps:\/\/ropsarchitetturaepaesaggio.com\/wp-content\/uploads\/2017\/05\/bg-page-abstract.png\u00bb bg_color=\u00bb#27ae60&#8243; bg_position=\u00bbcenter center\u00bb video_loop=\u00bbfalse\u00bb min_height=\u00bb\u00bb padding_top=\u00bb40&#8243; padding_bottom=\u00bb15&#8243; top_shape_color=\u00bb#ffffff\u00bb bottom_shape_color=\u00bb#ffffff\u00bb sidebar=\u00bbsidebar-1&#8243;][vc_column][vc_row_inner][vc_column_inner][vc_cta h2=\u00bbConvierte La Belleza En Realidad\u00bb shape=\u00bbsquare\u00bb style=\u00bbcustom\u00bb add_button=\u00bbright\u00bb btn_title=\u00bbSolicite un presupuesto gratuito\u00bb btn_style=\u00bbflat\u00bb btn_shape=\u00bbsquare\u00bb btn_color=\u00bbwarning\u00bb btn_size=\u00bblg\u00bb btn_i_type=\u00bblinecons\u00bb btn_i_icon_linecons=\u00bbvc_li vc_li-pen\u00bb btn_add_icon=\u00bbtrue\u00bb custom_background=\u00bbrgba(255,255,255,0.01)\u00bb custom_text=\u00bb#ffffff\u00bb el_class=\u00bbrops_call_to_action\u00bb css=\u00bb.vc_custom_1499681061922{border-top-width: 0px !important;border-right-width: 0px !important;border-bottom-width: 0px !important;border-left-width: 0px !important;}\u00bb btn_link=\u00bburl:https%3A%2F%2Fropsarchitetturaepaesaggio.com%2Fes%2Fcontactos%2F|\u00bb]Ya sea para redise\u00f1ar su jard\u00edn, organizar su balc\u00f3n o renovar y mejorar su casa, este es su lugar. Cu\u00e9ntanos tu proyecto: estaremos encantados de ayudarte para hacerlo realidad.[\/vc_cta][\/vc_column_inner][\/vc_row_inner][\/vc_column][\/mk_page_section][mk_page_section bg_image=\u00bbhttps:\/\/ropsarchitetturaepaesaggio.com\/wp-content\/uploads\/2017\/05\/bg-page-abstract.png\u00bb bg_color=\u00bb#fafafa\u00bb video_loop=\u00bbfalse\u00bb padding_top=\u00bb90&#8243; padding_bottom=\u00bb90&#8243; top_shape_color=\u00bb#ffffff\u00bb bottom_shape_color=\u00bb#ffffff\u00bb sidebar=\u00bbsidebar-1&#8243;][vc_column][vc_row_inner][vc_column_inner][mk_fancy_title size=\u00bb\u00bb margin_bottom=\u00bb0&#8243; font_family=\u00bbnone\u00bb align=\u00bbcenter\u00bb]Servicios[\/mk_fancy_title][mk_fancy_title tag_name=\u00bbh3&#8243; color=\u00bb#787a79&#8243; size=\u00bb20&#8243; margin_bottom=\u00bb0&#8243; font_family=\u00bbnone\u00bb align=\u00bbcenter\u00bb el_class=\u00bbitaly_style\u00bb]Cuidado, atenci\u00f3n y profesionalidad: esto es lo que encontrar\u00e1s en cada uno de nuestros servicios.<br \/>\nElige el que mejor se adapte a tus necesidades.[\/mk_fancy_title][mk_padding_divider size=\u00bb50&#8243;][\/vc_column_inner][\/vc_row_inner][vc_row_inner][vc_column_inner width=\u00bb1\/3&#8243;][vc_raw_html]PGRpdiBjbGFzcz0icm9zcF9zZXJ2aWNlX2JveCIgaWQ9InByb2dldHRhemlvbmVfZ2lhcmRpbmkiPgoJPGRpdiBjbGFzcz0ic2VydmljZV9jb250ZW50Ij4KCQk8ZGl2IGNsYXNzPSJzZXJ2aWNlX3RpdGxlIj4KCQkJPGgzIGNsYXNzPSJyb3BzX3RpdGxlIj5EaXNlw7FvIERlIEphcmRpbmVzPC9oMz4KCQk8L2Rpdj4KCQk8ZGl2IGNsYXNzPSJzZXJ2aWNlX21haW4iPgoJCQk8cCBjbGFzcz0icm9wc190ZXh0Ij5UcmFuc2Zvcm1hbW9zIHR1IGVzcGFjaW8gdmVyZGUgZW4gdW4gbHVnYXIgYWNvZ2Vkb3IgeSBleHViZXJhbnRlLCB0YWwgY29tbyBzaWVtcHJlIGxvIGhhcyBpbWFnaW5hZG8uPC9wPgoJCTwvZGl2PgoJCTxkaXYgY2xhc3M9InNlcnZpY2VfZm9vdGVyIj4KCQkJPGEgaHJlZj0iaHR0cHM6Ly9yb3BzYXJjaGl0ZXR0dXJhZXBhZXNhZ2dpby5jb20vZXMvZGlzZW5vLWRlLWphcmRpbmVzLyIgY2xhc3M9InJvcHNfbGluayI+VmFpIGFsIHNlcnZpemlvPC9hPgoJCTwvZGl2PgoJPC9kaXY+CjwvZGl2Pg==[\/vc_raw_html][\/vc_column_inner][vc_column_inner width=\u00bb1\/3&#8243;][vc_raw_html]PGRpdiBjbGFzcz0icm9zcF9zZXJ2aWNlX2JveCIgaWQ9InRlcnJhenppX2VfZ2lhcmRpbmlfcGVuc2lsaSI+Cgk8ZGl2IGNsYXNzPSJzZXJ2aWNlX2NvbnRlbnQiPgoJCTxkaXYgY2xhc3M9InNlcnZpY2VfdGl0bGUiPgoJCQk8aDMgY2xhc3M9InJvcHNfdGl0bGUiPlRlcnJhemFzIFkgSmFyZGluZXMgQ29sZ2FudGVzPC9oMz4KCQk8L2Rpdj4KCQk8ZGl2IGNsYXNzPSJzZXJ2aWNlX21haW4iPgoJCQk8cCBjbGFzcz0icm9wc190ZXh0Ij5Ob3MgZW5jYXJnYW1vcyBkZSBsYSBjcmVhY2nDs24gZGUgcGVxdWXDsW9zIGVzcGFjaW9zIHZlcmRlcywgYWxlamFkb3MgZGUgbWlyYWRhcyBpbmRpc2NyZXRhcyB5IHF1ZSBsbGVuZW4gZWwgYWxtYS48L3A+CgkJPC9kaXY+CgkJPGRpdiBjbGFzcz0ic2VydmljZV9mb290ZXIiPgoJCQk8YSBocmVmPSJodHRwczovL3JvcHNhcmNoaXRldHR1cmFlcGFlc2FnZ2lvLmNvbS9lcy90ZXJyYXphcy15LWphcmRpbmVzLWNvbGdhbnRlcy8iIGNsYXNzPSJyb3BzX2xpbmsiPlZhaSBhbCBzZXJ2aXppbzwvYT4KCQk8L2Rpdj4KCTwvZGl2Pgo8L2Rpdj4=[\/vc_raw_html][\/vc_column_inner][vc_column_inner width=\u00bb1\/3&#8243;][vc_raw_html]PGRpdiBjbGFzcz0icm9zcF9zZXJ2aWNlX2JveCIgaWQ9ImFyY2hpdGV0dHVyYSI+Cgk8ZGl2IGNsYXNzPSJzZXJ2aWNlX2NvbnRlbnQiPgoJCTxkaXYgY2xhc3M9InNlcnZpY2VfdGl0bGUiPgoJCQk8aDMgY2xhc3M9InJvcHNfdGl0bGUiPkFycXVpdGVjdHVyYTwvaDM+CgkJPC9kaXY+CgkJPGRpdiBjbGFzcz0ic2VydmljZV9tYWluIj4KCQkJPHAgY2xhc3M9InJvcHNfdGV4dCI+QXByb3ZlY2hhbW9zIGFsIG3DoXhpbW8gc3UgZXNwYWNpbyBjb25zdHJ1aWRvIG8gcG9yIGNvbnN0cnVpciwgcHJlc3RhbmRvIGF0ZW5jacOzbiBhIGxvcyBtYXRlcmlhbGVzIHkgcmVzcGV0YW5kbyBlbCBtZWRpbyBhbWJpZW50ZS48L3A+CgkJPC9kaXY+CgkJPGRpdiBjbGFzcz0ic2VydmljZV9mb290ZXIiPgoJCQk8YSBocmVmPSJodHRwczovL3JvcHNhcmNoaXRldHR1cmFlcGFlc2FnZ2lvLmNvbS9lcy9hcnF1aXRlY3R1cmEvIiBjbGFzcz0icm9wc19saW5rIj5WYWkgYWwgc2Vydml6aW88L2E+CgkJPC9kaXY+Cgk8L2Rpdj4KPC9kaXY+[\/vc_raw_html][\/vc_column_inner][\/vc_row_inner][vc_row_inner][vc_column_inner width=\u00bb1\/3&#8243;][vc_raw_html]PGRpdiBjbGFzcz0icm9zcF9zZXJ2aWNlX2JveCIgaWQ9ImFsbGVzdGltZW50aSI+Cgk8ZGl2IGNsYXNzPSJzZXJ2aWNlX2NvbnRlbnQiPgoJCTxkaXYgY2xhc3M9InNlcnZpY2VfdGl0bGUiPgoJCQk8aDMgY2xhc3M9InJvcHNfdGl0bGUiPlByZXBhcmF0aXZvczwvaDM+CgkJPC9kaXY+CgkJPGRpdiBjbGFzcz0ic2VydmljZV9tYWluIj4KCQkJPHAgY2xhc3M9InJvcHNfdGV4dCI+SGFjZW1vcyBxdWUgdHVzIGV2ZW50b3Mgc2VhbiBlc3BlY2lhbGVzIGNyZWFuZG8gYW1iaWVudGVzIHF1ZSBkZWplbiBib3F1aWFiaWVydG9zIGEgdHVzIGludml0YWRvcy9hcy48L3A+CgkJPC9kaXY+CgkJPGRpdiBjbGFzcz0ic2VydmljZV9mb290ZXIiPgoJCQk8YSBocmVmPSJodHRwczovL3JvcHNhcmNoaXRldHR1cmFlcGFlc2FnZ2lvLmNvbS9lcy9wcmVwYXJhdGl2b3MvIiBjbGFzcz0icm9wc19saW5rIj5WYWkgYWwgc2Vydml6aW88L2E+CgkJPC9kaXY+Cgk8L2Rpdj4KPC9kaXY+[\/vc_raw_html][\/vc_column_inner][vc_column_inner width=\u00bb1\/3&#8243;][vc_raw_html]PGRpdiBjbGFzcz0icm9zcF9zZXJ2aWNlX2JveCIgaWQ9ImhvbWVfc3RhZ2luZyI+Cgk8ZGl2IGNsYXNzPSJzZXJ2aWNlX2NvbnRlbnQiPgoJCTxkaXYgY2xhc3M9InNlcnZpY2VfdGl0bGUiPgoJCQk8aDMgY2xhc3M9InJvcHNfdGl0bGUiPlB1ZXN0YSBlbiBFc2NlbmE8L2gzPgoJCTwvZGl2PgoJCTxkaXYgY2xhc3M9InNlcnZpY2VfbWFpbiI+CgkJCTxwIGNsYXNzPSJyb3BzX3RleHQiPlRlIHByZXNlbnRhbW9zIHR1IGNhc2EgZW4gc3UgbWVqb3IgbW9tZW50byBwYXJhIGF5dWRhcnRlLCBjb24gcGVxdWXDsW9zIHRydWNvcywgYSB2ZW5kZXJsYSBtw6FzIHLDoXBpZG8geSBhIHVuIHByZWNpbyBhZGVjdWFkby48L3A+CgkJPC9kaXY+CgkJPGRpdiBjbGFzcz0ic2VydmljZV9mb290ZXIiPgoJCQk8YSBocmVmPSJodHRwczovL3JvcHNhcmNoaXRldHR1cmFlcGFlc2FnZ2lvLmNvbS9lcy9wdWVzdGEtZW4tZXNjZW5hLyIgY2xhc3M9InJvcHNfbGluayI+VmFpIGFsIHNlcnZpemlvPC9hPgoJCTwvZGl2PgoJPC9kaXY+CjwvZGl2Pg==[\/vc_raw_html][\/vc_column_inner][vc_column_inner width=\u00bb1\/3&#8243;][vc_raw_html]PGRpdiBjbGFzcz0icm9zcF9zZXJ2aWNlX2JveCIgaWQ9ImhvbWVfcmVzdHlsaW5nIj4KCTxkaXYgY2xhc3M9InNlcnZpY2VfY29udGVudCI+CgkJPGRpdiBjbGFzcz0ic2VydmljZV90aXRsZSI+CgkJCTxoMyBjbGFzcz0icm9wc190aXRsZSI+UmVtb2RlbGFjacOzbiBEZWwgSG9nYXI8L2gzPgoJCTwvZGl2PgoJCTxkaXYgY2xhc3M9InNlcnZpY2VfbWFpbiI+CgkJCTxwIGNsYXNzPSJyb3BzX3RleHQiPk51ZXN0cm8gc2VydmljaW8gcGFyYSB0aSBxdWUgeWEgbm8gdGUgc2llbnRlcyBhIGd1c3RvIGVuIGxvcyBlc3BhY2lvcyBkZSB0dSBob2dhciB5IG5lY2VzaXRhcyBkYXJsZSB1biBudWV2byBhaXJlIGEgdHUgaG9nYXIuPC9wPgoJCTwvZGl2PgoJCTxkaXYgY2xhc3M9InNlcnZpY2VfZm9vdGVyIj4KCQkJPGEgaHJlZj0iI2ludHJvX2hvbWVfcmVzdHlsaW5nIiBjbGFzcz0icm9wc19saW5rIj5WYWkgYWwgc2Vydml6aW88L2E+CgkJPC9kaXY+Cgk8L2Rpdj4KPC9kaXY+[\/vc_raw_html][\/vc_column_inner][\/vc_row_inner][\/vc_column][\/mk_page_section]\n<\/div>","protected":false},"excerpt":{"rendered":"<p>[mk_page_section bg_color=\u00bb#ffffff\u00bb video_loop=\u00bbfalse\u00bb min_height=\u00bb0&#8243; full_width=\u00bbtrue\u00bb padding_top=\u00bb0&#8243; padding_bottom=\u00bb0&#8243; top_shape_color=\u00bb#ffffff\u00bb bottom_shape_color=\u00bb#ffffff\u00bb section_id=\u00bbintro_home_restyling\u00bb sidebar=\u00bbsidebar-1&#8243;][vc_column][mk_gallery images=\u00bb830,831,832,833&#8243; column=\u00bb4&#8243; height=\u00bb160&#8243; item_spacing=\u00bb4&#8243; margin_bottom=\u00bb4&#8243;][\/vc_column][\/mk_page_section][mk_page_section bg_color=\u00bb#ffffff\u00bb video_loop=\u00bbfalse\u00bb padding_top=\u00bb90&#8243; padding_bottom=\u00bb90&#8243; top_shape_color=\u00bb#ffffff\u00bb bottom_shape_color=\u00bb#ffffff\u00bb sidebar=\u00bbsidebar-1&#8243;][vc_column][vc_row_inner][vc_column_inner][mk_fancy_title size=\u00bb\u00bb margin_bottom=\u00bb0&#8243; font_family=\u00bbnone\u00bb responsive_align=\u00bbleft\u00bb]Remodelaci\u00f3n Del Hogar[\/mk_fancy_title][mk_fancy_title tag_name=\u00bbh3&#8243; color=\u00bb#787a79&#8243; size=\u00bb20&#8243; margin_bottom=\u00bb0&#8243; font_family=\u00bbnone\u00bb responsive_align=\u00bbleft\u00bb el_class=\u00bbitaly_style\u00bb]Nuestro servicio personalizado para ti que ya no te sientes a gusto en los espacios de tu hogar y necesitas [&hellip;]<\/p>\n","protected":false},"author":3,"featured_media":0,"parent":0,"menu_order":0,"comment_status":"closed","ping_status":"closed","template":"","meta":{"_acf_changed":false,"footnotes":""},"class_list":["post-3380","page","type-page","status-publish","hentry"],"acf":[],"aioseo_notices":[],"_links":{"self":[{"href":"https:\/\/ropsarchitetturaepaesaggio.com\/es\/wp-json\/wp\/v2\/pages\/3380","targetHints":{"allow":["GET"]}}],"collection":[{"href":"https:\/\/ropsarchitetturaepaesaggio.com\/es\/wp-json\/wp\/v2\/pages"}],"about":[{"href":"https:\/\/ropsarchitetturaepaesaggio.com\/es\/wp-json\/wp\/v2\/types\/page"}],"author":[{"embeddable":true,"href":"https:\/\/ropsarchitetturaepaesaggio.com\/es\/wp-json\/wp\/v2\/users\/3"}],"replies":[{"embeddable":true,"href":"https:\/\/ropsarchitetturaepaesaggio.com\/es\/wp-json\/wp\/v2\/comments?post=3380"}],"version-history":[{"count":2,"href":"https:\/\/ropsarchitetturaepaesaggio.com\/es\/wp-json\/wp\/v2\/pages\/3380\/revisions"}],"predecessor-version":[{"id":3462,"href":"https:\/\/ropsarchitetturaepaesaggio.com\/es\/wp-json\/wp\/v2\/pages\/3380\/revisions\/3462"}],"wp:attachment":[{"href":"https:\/\/ropsarchitetturaepaesaggio.com\/es\/wp-json\/wp\/v2\/media?parent=3380"}],"curies":[{"name":"wp","href":"https:\/\/api.w.org\/{rel}","templated":true}]}}