{"id":3371,"date":"2017-06-26T16:18:07","date_gmt":"2017-06-26T14:18:07","guid":{"rendered":"https:\/\/ropsarchitetturaepaesaggio.com\/arquitectura\/"},"modified":"2023-03-10T16:54:19","modified_gmt":"2023-03-10T15:54:19","slug":"arquitectura","status":"publish","type":"page","link":"https:\/\/ropsarchitetturaepaesaggio.com\/es\/arquitectura\/","title":{"rendered":"Arquitectura"},"content":{"rendered":"<div class=\"wpb-content-wrapper\">[mk_page_section bg_color=\u00bb#ffffff\u00bb video_loop=\u00bbfalse\u00bb min_height=\u00bb0&#8243; full_width=\u00bbtrue\u00bb padding_top=\u00bb0&#8243; padding_bottom=\u00bb0&#8243; top_shape_color=\u00bb#ffffff\u00bb bottom_shape_color=\u00bb#ffffff\u00bb section_id=\u00bbintro_architettura\u00bb sidebar=\u00bbsidebar-1&#8243;][vc_column][mk_gallery images=\u00bb815,816,817,818&#8243; column=\u00bb4&#8243; height=\u00bb160&#8243; item_spacing=\u00bb4&#8243; margin_bottom=\u00bb4&#8243;][\/vc_column][\/mk_page_section][mk_page_section bg_color=\u00bb#ffffff\u00bb video_loop=\u00bbfalse\u00bb padding_top=\u00bb90&#8243; padding_bottom=\u00bb90&#8243; top_shape_color=\u00bb#ffffff\u00bb bottom_shape_color=\u00bb#ffffff\u00bb sidebar=\u00bbsidebar-1&#8243;][vc_column][vc_row_inner][vc_column_inner][mk_fancy_title size=\u00bb\u00bb margin_bottom=\u00bb0&#8243; font_family=\u00bbnone\u00bb responsive_align=\u00bbleft\u00bb]Arquitectura[\/mk_fancy_title][mk_fancy_title tag_name=\u00bbh3&#8243; color=\u00bb#787a79&#8243; size=\u00bb20&#8243; margin_bottom=\u00bb0&#8243; font_family=\u00bbnone\u00bb responsive_align=\u00bbleft\u00bb el_class=\u00bbitaly_style\u00bb]Valoramos y valorizamos su espacio construido o por construir, con especial atenci\u00f3n a la elecci\u00f3n de los materiales y en pleno respeto por el medio ambiente.[\/mk_fancy_title][vc_column_text disable_pattern=\u00bbfalse\u00bb margin_bottom=\u00bb5&#8243;]Una casa llena de amor en la que criar a tus hijos. Un apartamento elegante y de dise\u00f1o donde relajarse al final de un largo d\u00eda de trabajo. Una casa de campo para transformar en un bed &amp; breakfast lleno de momentos id\u00edlicos y m\u00e1gicos. Un restaurante hist\u00f3rico para revisitar y revelar los valores y tradiciones que se transmiten de generaci\u00f3n en generaci\u00f3n.<\/p>\n<p>Cada proyecto de arquitectura, reforma e interiorismo cuenta una historia. Diferente cada vez. Cada vez \u00fanico. Cada vez con un final feliz.<br \/>\nTodos los trabajos son seguidos por nuestros profesionales de principio a fin, ya sea una villa de \u00e9poca o un apartamento de una habitaci\u00f3n de 50 metros cuadrados, ya sea que se disponga de peque\u00f1os o grandes presupuestos.<\/p>\n<p>Colaboramos con los mejores expertos y t\u00e9cnicos del sector, que salen al campo con todo su conocimiento para trabajar en equipo y ofrecerte solo lo mejor.<\/p>\n<p>Nos gusta pensar que, a trav\u00e9s de nuestros proyectos, ayudamos a las personas a hacer realidad una parte de sus sue\u00f1os.[\/vc_column_text][\/vc_column_inner][\/vc_row_inner][\/vc_column][\/mk_page_section][mk_page_section bg_image=\u00bbhttps:\/\/ropsarchitetturaepaesaggio.com\/wp-content\/uploads\/2017\/05\/bg-page-abstract.png\u00bb bg_color=\u00bb#27ae60&#8243; bg_position=\u00bbcenter center\u00bb video_loop=\u00bbfalse\u00bb min_height=\u00bb\u00bb padding_top=\u00bb40&#8243; padding_bottom=\u00bb15&#8243; top_shape_color=\u00bb#ffffff\u00bb bottom_shape_color=\u00bb#ffffff\u00bb sidebar=\u00bbsidebar-1&#8243;][vc_column][vc_row_inner][vc_column_inner][vc_cta h2=\u00bbConvierte La Belleza En Realidad\u00bb shape=\u00bbsquare\u00bb style=\u00bbcustom\u00bb add_button=\u00bbright\u00bb btn_title=\u00bbSolicite un presupuesto gratuito\u00bb btn_style=\u00bbflat\u00bb btn_shape=\u00bbsquare\u00bb btn_color=\u00bbwarning\u00bb btn_size=\u00bblg\u00bb btn_i_type=\u00bblinecons\u00bb btn_i_icon_linecons=\u00bbvc_li vc_li-pen\u00bb btn_add_icon=\u00bbtrue\u00bb custom_background=\u00bbrgba(255,255,255,0.01)\u00bb custom_text=\u00bb#ffffff\u00bb el_class=\u00bbrops_call_to_action\u00bb css=\u00bb.vc_custom_1499681061922{border-top-width: 0px !important;border-right-width: 0px !important;border-bottom-width: 0px !important;border-left-width: 0px !important;}\u00bb btn_link=\u00bburl:https%3A%2F%2Fropsarchitetturaepaesaggio.com%2Fes%2Fcontactos%2F|\u00bb]Ya sea para redise\u00f1ar su jard\u00edn, organizar su balc\u00f3n o renovar y mejorar su casa, este es su lugar. Cu\u00e9ntanos tu proyecto: estaremos encantados de ayudarte para hacerlo realidad.[\/vc_cta][\/vc_column_inner][\/vc_row_inner][\/vc_column][\/mk_page_section][mk_page_section bg_image=\u00bbhttps:\/\/ropsarchitetturaepaesaggio.com\/wp-content\/uploads\/2017\/05\/bg-page-abstract.png\u00bb bg_color=\u00bb#fafafa\u00bb video_loop=\u00bbfalse\u00bb padding_top=\u00bb90&#8243; padding_bottom=\u00bb90&#8243; top_shape_color=\u00bb#ffffff\u00bb bottom_shape_color=\u00bb#ffffff\u00bb sidebar=\u00bbsidebar-1&#8243;][vc_column][vc_row_inner][vc_column_inner][mk_fancy_title size=\u00bb\u00bb margin_bottom=\u00bb0&#8243; font_family=\u00bbnone\u00bb align=\u00bbcenter\u00bb]Servicios[\/mk_fancy_title][mk_fancy_title tag_name=\u00bbh3&#8243; color=\u00bb#787a79&#8243; size=\u00bb20&#8243; margin_bottom=\u00bb0&#8243; font_family=\u00bbnone\u00bb align=\u00bbcenter\u00bb el_class=\u00bbitaly_style\u00bb]Cuidado, atenci\u00f3n y profesionalidad: esto es lo que encontrar\u00e1s en cada uno de nuestros servicios.<br \/>\nElige el que mejor se adapte a tus necesidades.[\/mk_fancy_title][mk_padding_divider size=\u00bb50&#8243;][\/vc_column_inner][\/vc_row_inner][vc_row_inner][vc_column_inner width=\u00bb1\/3&#8243;][vc_raw_html]PGRpdiBjbGFzcz0icm9zcF9zZXJ2aWNlX2JveCIgaWQ9InByb2dldHRhemlvbmVfZ2lhcmRpbmkiPgoJPGRpdiBjbGFzcz0ic2VydmljZV9jb250ZW50Ij4KCQk8ZGl2IGNsYXNzPSJzZXJ2aWNlX3RpdGxlIj4KCQkJPGgzIGNsYXNzPSJyb3BzX3RpdGxlIj5EaXNlw7FvIERlIEphcmRpbmVzPC9oMz4KCQk8L2Rpdj4KCQk8ZGl2IGNsYXNzPSJzZXJ2aWNlX21haW4iPgoJCQk8cCBjbGFzcz0icm9wc190ZXh0Ij5UcmFuc2Zvcm1hbW9zIHR1IGVzcGFjaW8gdmVyZGUgZW4gdW4gbHVnYXIgYWNvZ2Vkb3IgeSBleHViZXJhbnRlLCB0YWwgY29tbyBzaWVtcHJlIGxvIGhhcyBpbWFnaW5hZG8uPC9wPgoJCTwvZGl2PgoJCTxkaXYgY2xhc3M9InNlcnZpY2VfZm9vdGVyIj4KCQkJPGEgaHJlZj0iaHR0cHM6Ly9yb3BzYXJjaGl0ZXR0dXJhZXBhZXNhZ2dpby5jb20vZXMvZGlzZW5vLWRlLWphcmRpbmVzLyIgY2xhc3M9InJvcHNfbGluayI+VmFpIGFsIHNlcnZpemlvPC9hPgoJCTwvZGl2PgoJPC9kaXY+CjwvZGl2Pg==[\/vc_raw_html][\/vc_column_inner][vc_column_inner width=\u00bb1\/3&#8243;][vc_raw_html]PGRpdiBjbGFzcz0icm9zcF9zZXJ2aWNlX2JveCIgaWQ9InRlcnJhenppX2VfZ2lhcmRpbmlfcGVuc2lsaSI+Cgk8ZGl2IGNsYXNzPSJzZXJ2aWNlX2NvbnRlbnQiPgoJCTxkaXYgY2xhc3M9InNlcnZpY2VfdGl0bGUiPgoJCQk8aDMgY2xhc3M9InJvcHNfdGl0bGUiPlRlcnJhemFzIFkgSmFyZGluZXMgQ29sZ2FudGVzPC9oMz4KCQk8L2Rpdj4KCQk8ZGl2IGNsYXNzPSJzZXJ2aWNlX21haW4iPgoJCQk8cCBjbGFzcz0icm9wc190ZXh0Ij5Ob3MgZW5jYXJnYW1vcyBkZSBsYSBjcmVhY2nDs24gZGUgcGVxdWXDsW9zIGVzcGFjaW9zIHZlcmRlcywgYWxlamFkb3MgZGUgbWlyYWRhcyBpbmRpc2NyZXRhcyB5IHF1ZSBsbGVuZW4gZWwgYWxtYS48L3A+CgkJPC9kaXY+CgkJPGRpdiBjbGFzcz0ic2VydmljZV9mb290ZXIiPgoJCQk8YSBocmVmPSJodHRwczovL3JvcHNhcmNoaXRldHR1cmFlcGFlc2FnZ2lvLmNvbS9lcy90ZXJyYXphcy15LWphcmRpbmVzLWNvbGdhbnRlcy8iIGNsYXNzPSJyb3BzX2xpbmsiPlZhaSBhbCBzZXJ2aXppbzwvYT4KCQk8L2Rpdj4KCTwvZGl2Pgo8L2Rpdj4=[\/vc_raw_html][\/vc_column_inner][vc_column_inner width=\u00bb1\/3&#8243;][vc_raw_html]PGRpdiBjbGFzcz0icm9zcF9zZXJ2aWNlX2JveCIgaWQ9ImFyY2hpdGV0dHVyYSI+Cgk8ZGl2IGNsYXNzPSJzZXJ2aWNlX2NvbnRlbnQiPgoJCTxkaXYgY2xhc3M9InNlcnZpY2VfdGl0bGUiPgoJCQk8aDMgY2xhc3M9InJvcHNfdGl0bGUiPkFycXVpdGVjdHVyYTwvaDM+CgkJPC9kaXY+CgkJPGRpdiBjbGFzcz0ic2VydmljZV9tYWluIj4KCQkJPHAgY2xhc3M9InJvcHNfdGV4dCI+QXByb3ZlY2hhbW9zIGFsIG3DoXhpbW8gc3UgZXNwYWNpbyBjb25zdHJ1aWRvIG8gcG9yIGNvbnN0cnVpciwgcHJlc3RhbmRvIGF0ZW5jacOzbiBhIGxvcyBtYXRlcmlhbGVzIHkgcmVzcGV0YW5kbyBlbCBtZWRpbyBhbWJpZW50ZS48L3A+CgkJPC9kaXY+CgkJPGRpdiBjbGFzcz0ic2VydmljZV9mb290ZXIiPgoJCQk8YSBocmVmPSIjaW50cm9fYXJjaGl0ZXR0dXJhIiBjbGFzcz0icm9wc19saW5rIj5WYWkgYWwgc2Vydml6aW88L2E+CgkJPC9kaXY+Cgk8L2Rpdj4KPC9kaXY+[\/vc_raw_html][\/vc_column_inner][\/vc_row_inner][vc_row_inner][vc_column_inner width=\u00bb1\/3&#8243;][vc_raw_html]PGRpdiBjbGFzcz0icm9zcF9zZXJ2aWNlX2JveCIgaWQ9ImFsbGVzdGltZW50aSI+Cgk8ZGl2IGNsYXNzPSJzZXJ2aWNlX2NvbnRlbnQiPgoJCTxkaXYgY2xhc3M9InNlcnZpY2VfdGl0bGUiPgoJCQk8aDMgY2xhc3M9InJvcHNfdGl0bGUiPlByZXBhcmF0aXZvczwvaDM+CgkJPC9kaXY+CgkJPGRpdiBjbGFzcz0ic2VydmljZV9tYWluIj4KCQkJPHAgY2xhc3M9InJvcHNfdGV4dCI+SGFjZW1vcyBxdWUgdHVzIGV2ZW50b3Mgc2VhbiBlc3BlY2lhbGVzIGNyZWFuZG8gYW1iaWVudGVzIHF1ZSBkZWplbiBib3F1aWFiaWVydG9zIGEgdHVzIGludml0YWRvcy9hcy48L3A+CgkJPC9kaXY+CgkJPGRpdiBjbGFzcz0ic2VydmljZV9mb290ZXIiPgoJCQk8YSBocmVmPSJodHRwczovL3JvcHNhcmNoaXRldHR1cmFlcGFlc2FnZ2lvLmNvbS9hbGxlc3RpbWVudGkvIiBjbGFzcz0icm9wc19saW5rIj5WYWkgYWwgc2Vydml6aW88L2E+CgkJPC9kaXY+Cgk8L2Rpdj4KPC9kaXY+[\/vc_raw_html][\/vc_column_inner][vc_column_inner width=\u00bb1\/3&#8243;][vc_raw_html]PGRpdiBjbGFzcz0icm9zcF9zZXJ2aWNlX2JveCIgaWQ9ImhvbWVfc3RhZ2luZyI+Cgk8ZGl2IGNsYXNzPSJzZXJ2aWNlX2NvbnRlbnQiPgoJCTxkaXYgY2xhc3M9InNlcnZpY2VfdGl0bGUiPgoJCQk8aDMgY2xhc3M9InJvcHNfdGl0bGUiPlB1ZXN0YSBlbiBFc2NlbmE8L2gzPgoJCTwvZGl2PgoJCTxkaXYgY2xhc3M9InNlcnZpY2VfbWFpbiI+CgkJCTxwIGNsYXNzPSJyb3BzX3RleHQiPlRlIHByZXNlbnRhbW9zIHR1IGNhc2EgZW4gc3UgbWVqb3IgbW9tZW50byBwYXJhIGF5dWRhcnRlLCBjb24gcGVxdWXDsW9zIHRydWNvcywgYSB2ZW5kZXJsYSBtw6FzIHLDoXBpZG8geSBhIHVuIHByZWNpbyBhZGVjdWFkby48L3A+CgkJPC9kaXY+CgkJPGRpdiBjbGFzcz0ic2VydmljZV9mb290ZXIiPgoJCQk8YSBocmVmPSJodHRwczovL3JvcHNhcmNoaXRldHR1cmFlcGFlc2FnZ2lvLmNvbS9lbi9ob21lLXN0YWdpbmcvIiBjbGFzcz0icm9wc19saW5rIj5WYWkgYWwgc2Vydml6aW88L2E+CgkJPC9kaXY+Cgk8L2Rpdj4KPC9kaXY+[\/vc_raw_html][\/vc_column_inner][vc_column_inner width=\u00bb1\/3&#8243;][vc_raw_html]PGRpdiBjbGFzcz0icm9zcF9zZXJ2aWNlX2JveCIgaWQ9ImhvbWVfcmVzdHlsaW5nIj4KCTxkaXYgY2xhc3M9InNlcnZpY2VfY29udGVudCI+CgkJPGRpdiBjbGFzcz0ic2VydmljZV90aXRsZSI+CgkJCTxoMyBjbGFzcz0icm9wc190aXRsZSI+UmVtb2RlbGFjacOzbiBEZWwgSG9nYXI8L2gzPgoJCTwvZGl2PgoJCTxkaXYgY2xhc3M9InNlcnZpY2VfbWFpbiI+CgkJCTxwIGNsYXNzPSJyb3BzX3RleHQiPk51ZXN0cm8gc2VydmljaW8gcGFyYSB0aSBxdWUgeWEgbm8gdGUgc2llbnRlcyBhIGd1c3RvIGVuIGxvcyBlc3BhY2lvcyBkZSB0dSBob2dhciB5IG5lY2VzaXRhcyBkYXJsZSB1biBudWV2byBhaXJlIGEgdHUgaG9nYXIuPC9wPgoJCTwvZGl2PgoJCTxkaXYgY2xhc3M9InNlcnZpY2VfZm9vdGVyIj4KCQkJPGEgaHJlZj0iaHR0cHM6Ly9yb3BzYXJjaGl0ZXR0dXJhZXBhZXNhZ2dpby5jb20vZW4vaG9tZS1yZXN0eWxpbmcvIiBjbGFzcz0icm9wc19saW5rIj5WYWkgYWwgc2Vydml6aW88L2E+CgkJPC9kaXY+Cgk8L2Rpdj4KPC9kaXY+[\/vc_raw_html][\/vc_column_inner][\/vc_row_inner][\/vc_column][\/mk_page_section]\n<\/div>","protected":false},"excerpt":{"rendered":"<p>[mk_page_section bg_color=\u00bb#ffffff\u00bb video_loop=\u00bbfalse\u00bb min_height=\u00bb0&#8243; full_width=\u00bbtrue\u00bb padding_top=\u00bb0&#8243; padding_bottom=\u00bb0&#8243; top_shape_color=\u00bb#ffffff\u00bb bottom_shape_color=\u00bb#ffffff\u00bb section_id=\u00bbintro_architettura\u00bb sidebar=\u00bbsidebar-1&#8243;][vc_column][mk_gallery images=\u00bb815,816,817,818&#8243; column=\u00bb4&#8243; height=\u00bb160&#8243; item_spacing=\u00bb4&#8243; margin_bottom=\u00bb4&#8243;][\/vc_column][\/mk_page_section][mk_page_section bg_color=\u00bb#ffffff\u00bb video_loop=\u00bbfalse\u00bb padding_top=\u00bb90&#8243; padding_bottom=\u00bb90&#8243; top_shape_color=\u00bb#ffffff\u00bb bottom_shape_color=\u00bb#ffffff\u00bb sidebar=\u00bbsidebar-1&#8243;][vc_column][vc_row_inner][vc_column_inner][mk_fancy_title size=\u00bb\u00bb margin_bottom=\u00bb0&#8243; font_family=\u00bbnone\u00bb responsive_align=\u00bbleft\u00bb]Arquitectura[\/mk_fancy_title][mk_fancy_title tag_name=\u00bbh3&#8243; color=\u00bb#787a79&#8243; size=\u00bb20&#8243; margin_bottom=\u00bb0&#8243; font_family=\u00bbnone\u00bb responsive_align=\u00bbleft\u00bb el_class=\u00bbitaly_style\u00bb]Valoramos y valorizamos su espacio construido o por construir, con especial atenci\u00f3n a la elecci\u00f3n de los materiales y en pleno respeto [&hellip;]<\/p>\n","protected":false},"author":3,"featured_media":0,"parent":0,"menu_order":0,"comment_status":"closed","ping_status":"open","template":"","meta":{"_acf_changed":false,"footnotes":""},"class_list":["post-3371","page","type-page","status-publish","hentry"],"acf":[],"aioseo_notices":[],"_links":{"self":[{"href":"https:\/\/ropsarchitetturaepaesaggio.com\/es\/wp-json\/wp\/v2\/pages\/3371","targetHints":{"allow":["GET"]}}],"collection":[{"href":"https:\/\/ropsarchitetturaepaesaggio.com\/es\/wp-json\/wp\/v2\/pages"}],"about":[{"href":"https:\/\/ropsarchitetturaepaesaggio.com\/es\/wp-json\/wp\/v2\/types\/page"}],"author":[{"embeddable":true,"href":"https:\/\/ropsarchitetturaepaesaggio.com\/es\/wp-json\/wp\/v2\/users\/3"}],"replies":[{"embeddable":true,"href":"https:\/\/ropsarchitetturaepaesaggio.com\/es\/wp-json\/wp\/v2\/comments?post=3371"}],"version-history":[{"count":2,"href":"https:\/\/ropsarchitetturaepaesaggio.com\/es\/wp-json\/wp\/v2\/pages\/3371\/revisions"}],"predecessor-version":[{"id":3456,"href":"https:\/\/ropsarchitetturaepaesaggio.com\/es\/wp-json\/wp\/v2\/pages\/3371\/revisions\/3456"}],"wp:attachment":[{"href":"https:\/\/ropsarchitetturaepaesaggio.com\/es\/wp-json\/wp\/v2\/media?parent=3371"}],"curies":[{"name":"wp","href":"https:\/\/api.w.org\/{rel}","templated":true}]}}