{"id":3365,"date":"2017-06-26T16:04:57","date_gmt":"2017-06-26T14:04:57","guid":{"rendered":"https:\/\/ropsarchitetturaepaesaggio.com\/diseno-de-jardines\/"},"modified":"2023-03-10T16:54:14","modified_gmt":"2023-03-10T15:54:14","slug":"diseno-de-jardines","status":"publish","type":"page","link":"https:\/\/ropsarchitetturaepaesaggio.com\/es\/diseno-de-jardines\/","title":{"rendered":"Dise\u00f1o De Jardines"},"content":{"rendered":"<div class=\"wpb-content-wrapper\">[mk_page_section bg_color=\u00bb#ffffff\u00bb video_loop=\u00bbfalse\u00bb min_height=\u00bb0&#8243; full_width=\u00bbtrue\u00bb padding_top=\u00bb0&#8243; padding_bottom=\u00bb0&#8243; top_shape_color=\u00bb#ffffff\u00bb bottom_shape_color=\u00bb#ffffff\u00bb section_id=\u00bbintro_progettazione_giardini\u00bb sidebar=\u00bbsidebar-1&#8243;][vc_column][mk_gallery images=\u00bb865,866,867,868&#8243; column=\u00bb4&#8243; height=\u00bb160&#8243; item_spacing=\u00bb4&#8243; margin_bottom=\u00bb4&#8243;][\/vc_column][\/mk_page_section][mk_page_section bg_color=\u00bb#ffffff\u00bb video_loop=\u00bbfalse\u00bb padding_top=\u00bb90&#8243; padding_bottom=\u00bb90&#8243; top_shape_color=\u00bb#ffffff\u00bb bottom_shape_color=\u00bb#ffffff\u00bb sidebar=\u00bbsidebar-1&#8243;][vc_column][vc_row_inner][vc_column_inner][mk_fancy_title size=\u00bb\u00bb margin_bottom=\u00bb0&#8243; font_family=\u00bbnone\u00bb responsive_align=\u00bbleft\u00bb]Dise\u00f1o De Jardines[\/mk_fancy_title][mk_fancy_title tag_name=\u00bbh3&#8243; color=\u00bb#787a79&#8243; size=\u00bb20&#8243; margin_bottom=\u00bb0&#8243; font_family=\u00bbnone\u00bb responsive_align=\u00bbleft\u00bb el_class=\u00bbitaly_style\u00bb]Transformamos tu espacio verde en un lugar acogedor y exuberante, tal como siempre lo has imaginado.[\/mk_fancy_title][vc_column_text disable_pattern=\u00bbfalse\u00bb margin_bottom=\u00bb5&#8243;]Camine descalzo por el c\u00e9sped y d\u00e9jese acariciar por las briznas de hierba, d\u00e9jese embriagar por los aromas de los macizos de flores de colores, lea un libro cobijado por el follaje de los \u00e1rboles. Un jard\u00edn en el que vivir momentos \u00fanicos es una aut\u00e9ntica bendici\u00f3n, pero lo es a\u00fan m\u00e1s si cada espacio est\u00e1 dise\u00f1ado y construido para convertirse en un oasis de confort y placer.<\/p>\n<p>\u00a1Y eso es lo que hacemos! A trav\u00e9s de nuestras habilidades t\u00e9cnicas como dise\u00f1adores de jardines y creatividad, tomamos su jard\u00edn y lo transformamos en un lugar para escapar y desconectarse del resto del mundo. T\u00fa decides el estilo: dinos qu\u00e9 tienes en mente y lo haremos realidad.<\/p>\n<p>Nos ocupamos de todas las fases del dise\u00f1o de jardines: desde la inspecci\u00f3n inicial hasta la propuesta de proyecto, desde la ejecuci\u00f3n de las obras hasta el mantenimiento ordinario de las zonas verdes.<\/p>\n<p>En nuestro trabajo, nada se deja al azar: sabemos c\u00f3mo asesorarlo en la elecci\u00f3n de plantas para insertar de acuerdo con las condiciones clim\u00e1ticas en las que vive, ofrecerle soluciones de decoraci\u00f3n pr\u00e1cticas y funcionales con materiales resistentes y seguros, elementos decorativos que cuentan una historia. Tuya.<br \/>\nPara nosotros cada jard\u00edn es \u00fanico, capaz de transmitir emociones y sensaciones diferentes y especiales cada vez.[\/vc_column_text][\/vc_column_inner][\/vc_row_inner][\/vc_column][\/mk_page_section][mk_page_section bg_image=\u00bbhttps:\/\/ropsarchitetturaepaesaggio.com\/wp-content\/uploads\/2017\/05\/bg-page-abstract.png\u00bb bg_color=\u00bb#27ae60&#8243; bg_position=\u00bbcenter center\u00bb video_loop=\u00bbfalse\u00bb min_height=\u00bb\u00bb padding_top=\u00bb40&#8243; padding_bottom=\u00bb15&#8243; top_shape_color=\u00bb#ffffff\u00bb bottom_shape_color=\u00bb#ffffff\u00bb sidebar=\u00bbsidebar-1&#8243;][vc_column][vc_row_inner][vc_column_inner][vc_cta h2=\u00bbConvierte La Belleza En Realidad\u00bb shape=\u00bbsquare\u00bb style=\u00bbcustom\u00bb add_button=\u00bbright\u00bb btn_title=\u00bbSolicite un presupuesto gratuito\u00bb btn_style=\u00bbflat\u00bb btn_shape=\u00bbsquare\u00bb btn_color=\u00bbwarning\u00bb btn_size=\u00bblg\u00bb btn_i_type=\u00bblinecons\u00bb btn_i_icon_linecons=\u00bbvc_li vc_li-pen\u00bb btn_add_icon=\u00bbtrue\u00bb custom_background=\u00bbrgba(255,255,255,0.01)\u00bb custom_text=\u00bb#ffffff\u00bb el_class=\u00bbrops_call_to_action\u00bb css=\u00bb.vc_custom_1499681061922{border-top-width: 0px !important;border-right-width: 0px !important;border-bottom-width: 0px !important;border-left-width: 0px !important;}\u00bb btn_link=\u00bburl:https%3A%2F%2Fropsarchitetturaepaesaggio.com%2Fes%2Fcontactos%2F|\u00bb]Ya sea para redise\u00f1ar su jard\u00edn, organizar su balc\u00f3n o renovar y mejorar su casa, este es su lugar. Cu\u00e9ntanos tu proyecto: estaremos encantados de ayudarte para hacerlo realidad.[\/vc_cta][\/vc_column_inner][\/vc_row_inner][\/vc_column][\/mk_page_section][mk_page_section bg_image=\u00bbhttps:\/\/ropsarchitetturaepaesaggio.com\/wp-content\/uploads\/2017\/05\/bg-page-abstract.png\u00bb bg_color=\u00bb#fafafa\u00bb video_loop=\u00bbfalse\u00bb padding_top=\u00bb90&#8243; padding_bottom=\u00bb90&#8243; top_shape_color=\u00bb#ffffff\u00bb bottom_shape_color=\u00bb#ffffff\u00bb sidebar=\u00bbsidebar-1&#8243;][vc_column][vc_row_inner][vc_column_inner][mk_fancy_title size=\u00bb\u00bb margin_bottom=\u00bb0&#8243; font_family=\u00bbnone\u00bb align=\u00bbcenter\u00bb]Servicios[\/mk_fancy_title][mk_fancy_title tag_name=\u00bbh3&#8243; color=\u00bb#787a79&#8243; size=\u00bb20&#8243; margin_bottom=\u00bb0&#8243; font_family=\u00bbnone\u00bb align=\u00bbcenter\u00bb el_class=\u00bbitaly_style\u00bb]Cuidado, atenci\u00f3n y profesionalidad: esto es lo que encontrar\u00e1s en cada uno de nuestros servicios.<br \/>\nElige el que mejor se adapte a tus necesidades.[\/mk_fancy_title][mk_padding_divider size=\u00bb50&#8243;][\/vc_column_inner][\/vc_row_inner][vc_row_inner][vc_column_inner width=\u00bb1\/3&#8243;][vc_raw_html]PGRpdiBjbGFzcz0icm9zcF9zZXJ2aWNlX2JveCIgaWQ9InByb2dldHRhemlvbmVfZ2lhcmRpbmkiPgoJPGRpdiBjbGFzcz0ic2VydmljZV9jb250ZW50Ij4KCQk8ZGl2IGNsYXNzPSJzZXJ2aWNlX3RpdGxlIj4KCQkJPGgzIGNsYXNzPSJyb3BzX3RpdGxlIj5EaXNlw7FvIERlIEphcmRpbmVzPC9oMz4KCQk8L2Rpdj4KCQk8ZGl2IGNsYXNzPSJzZXJ2aWNlX21haW4iPgoJCQk8cCBjbGFzcz0icm9wc190ZXh0Ij5UcmFuc2Zvcm1hbW9zIHR1IGVzcGFjaW8gdmVyZGUgZW4gdW4gbHVnYXIgYWNvZ2Vkb3IgeSBleHViZXJhbnRlLCB0YWwgY29tbyBzaWVtcHJlIGxvIGhhcyBpbWFnaW5hZG8uPC9wPgoJCTwvZGl2PgoJCTxkaXYgY2xhc3M9InNlcnZpY2VfZm9vdGVyIj4KCQkJPGEgaHJlZj0iI2ludHJvX3Byb2dldHRhemlvbmVfZ2lhcmRpbmkiIGNsYXNzPSJyb3BzX2xpbmsiPlZhaSBhbCBzZXJ2aXppbzwvYT4KCQk8L2Rpdj4KCTwvZGl2Pgo8L2Rpdj4=[\/vc_raw_html][\/vc_column_inner][vc_column_inner width=\u00bb1\/3&#8243;][vc_raw_html]PGRpdiBjbGFzcz0icm9zcF9zZXJ2aWNlX2JveCIgaWQ9InRlcnJhenppX2VfZ2lhcmRpbmlfcGVuc2lsaSI+Cgk8ZGl2IGNsYXNzPSJzZXJ2aWNlX2NvbnRlbnQiPgoJCTxkaXYgY2xhc3M9InNlcnZpY2VfdGl0bGUiPgoJCQk8aDMgY2xhc3M9InJvcHNfdGl0bGUiPlRlcnJhemFzIFkgSmFyZGluZXMgQ29sZ2FudGVzPC9oMz4KCQk8L2Rpdj4KCQk8ZGl2IGNsYXNzPSJzZXJ2aWNlX21haW4iPgoJCQk8cCBjbGFzcz0icm9wc190ZXh0Ij5Ob3MgZW5jYXJnYW1vcyBkZSBsYSBjcmVhY2nDs24gZGUgcGVxdWXDsW9zIGVzcGFjaW9zIHZlcmRlcywgYWxlamFkb3MgZGUgbWlyYWRhcyBpbmRpc2NyZXRhcyB5IHF1ZSBsbGVuZW4gZWwgYWxtYS48L3A+CgkJPC9kaXY+CgkJPGRpdiBjbGFzcz0ic2VydmljZV9mb290ZXIiPgoJCQk8YSBocmVmPSJodHRwczovL3JvcHNhcmNoaXRldHR1cmFlcGFlc2FnZ2lvLmNvbS90ZXJyYXp6aS1lLWdpYXJkaW5pLXBlbnNpbGkvIiBjbGFzcz0icm9wc19saW5rIj5WYWkgYWwgc2Vydml6aW88L2E+CgkJPC9kaXY+Cgk8L2Rpdj4KPC9kaXY+[\/vc_raw_html][\/vc_column_inner][vc_column_inner width=\u00bb1\/3&#8243;][vc_raw_html]PGRpdiBjbGFzcz0icm9zcF9zZXJ2aWNlX2JveCIgaWQ9ImFyY2hpdGV0dHVyYSI+Cgk8ZGl2IGNsYXNzPSJzZXJ2aWNlX2NvbnRlbnQiPgoJCTxkaXYgY2xhc3M9InNlcnZpY2VfdGl0bGUiPgoJCQk8aDMgY2xhc3M9InJvcHNfdGl0bGUiPkFycXVpdGVjdHVyYTwvaDM+CgkJPC9kaXY+CgkJPGRpdiBjbGFzcz0ic2VydmljZV9tYWluIj4KCQkJPHAgY2xhc3M9InJvcHNfdGV4dCI+QXByb3ZlY2hhbW9zIGFsIG3DoXhpbW8gc3UgZXNwYWNpbyBjb25zdHJ1aWRvIG8gcG9yIGNvbnN0cnVpciwgcHJlc3RhbmRvIGF0ZW5jacOzbiBhIGxvcyBtYXRlcmlhbGVzIHkgcmVzcGV0YW5kbyBlbCBtZWRpbyBhbWJpZW50ZS48L3A+CgkJPC9kaXY+CgkJPGRpdiBjbGFzcz0ic2VydmljZV9mb290ZXIiPgoJCQk8YSBocmVmPSJodHRwczovL3JvcHNhcmNoaXRldHR1cmFlcGFlc2FnZ2lvLmNvbS9hcmNoaXRldHR1cmEvIiBjbGFzcz0icm9wc19saW5rIj5WYWkgYWwgc2Vydml6aW88L2E+CgkJPC9kaXY+Cgk8L2Rpdj4KPC9kaXY+[\/vc_raw_html][\/vc_column_inner][\/vc_row_inner][vc_row_inner][vc_column_inner width=\u00bb1\/3&#8243;][vc_raw_html]PGRpdiBjbGFzcz0icm9zcF9zZXJ2aWNlX2JveCIgaWQ9ImFsbGVzdGltZW50aSI+Cgk8ZGl2IGNsYXNzPSJzZXJ2aWNlX2NvbnRlbnQiPgoJCTxkaXYgY2xhc3M9InNlcnZpY2VfdGl0bGUiPgoJCQk8aDMgY2xhc3M9InJvcHNfdGl0bGUiPlByZXBhcmF0aXZvczwvaDM+CgkJPC9kaXY+CgkJPGRpdiBjbGFzcz0ic2VydmljZV9tYWluIj4KCQkJPHAgY2xhc3M9InJvcHNfdGV4dCI+SGFjZW1vcyBxdWUgdHVzIGV2ZW50b3Mgc2VhbiBlc3BlY2lhbGVzIGNyZWFuZG8gYW1iaWVudGVzIHF1ZSBkZWplbiBib3F1aWFiaWVydG9zIGEgdHVzIGludml0YWRvcy9hcy48L3A+CgkJPC9kaXY+CgkJPGRpdiBjbGFzcz0ic2VydmljZV9mb290ZXIiPgoJCQk8YSBocmVmPSJodHRwczovL3JvcHNhcmNoaXRldHR1cmFlcGFlc2FnZ2lvLmNvbS9hbGxlc3RpbWVudGkvIiBjbGFzcz0icm9wc19saW5rIj5WYWkgYWwgc2Vydml6aW88L2E+CgkJPC9kaXY+Cgk8L2Rpdj4KPC9kaXY+[\/vc_raw_html][\/vc_column_inner][vc_column_inner width=\u00bb1\/3&#8243;][vc_raw_html]PGRpdiBjbGFzcz0icm9zcF9zZXJ2aWNlX2JveCIgaWQ9ImhvbWVfc3RhZ2luZyI+Cgk8ZGl2IGNsYXNzPSJzZXJ2aWNlX2NvbnRlbnQiPgoJCTxkaXYgY2xhc3M9InNlcnZpY2VfdGl0bGUiPgoJCQk8aDMgY2xhc3M9InJvcHNfdGl0bGUiPlB1ZXN0YSBlbiBFc2NlbmE8L2gzPgoJCTwvZGl2PgoJCTxkaXYgY2xhc3M9InNlcnZpY2VfbWFpbiI+CgkJCTxwIGNsYXNzPSJyb3BzX3RleHQiPlRlIHByZXNlbnRhbW9zIHR1IGNhc2EgZW4gc3UgbWVqb3IgbW9tZW50byBwYXJhIGF5dWRhcnRlLCBjb24gcGVxdWXDsW9zIHRydWNvcywgYSB2ZW5kZXJsYSBtw6FzIHLDoXBpZG8geSBhIHVuIHByZWNpbyBhZGVjdWFkby48L3A+CgkJPC9kaXY+CgkJPGRpdiBjbGFzcz0ic2VydmljZV9mb290ZXIiPgoJCQk8YSBocmVmPSJodHRwczovL3JvcHNhcmNoaXRldHR1cmFlcGFlc2FnZ2lvLmNvbS9lbi9ob21lLXN0YWdpbmcvIiBjbGFzcz0icm9wc19saW5rIj5WYWkgYWwgc2Vydml6aW88L2E+CgkJPC9kaXY+Cgk8L2Rpdj4KPC9kaXY+[\/vc_raw_html][\/vc_column_inner][vc_column_inner width=\u00bb1\/3&#8243;][vc_raw_html]PGRpdiBjbGFzcz0icm9zcF9zZXJ2aWNlX2JveCIgaWQ9ImhvbWVfcmVzdHlsaW5nIj4KCTxkaXYgY2xhc3M9InNlcnZpY2VfY29udGVudCI+CgkJPGRpdiBjbGFzcz0ic2VydmljZV90aXRsZSI+CgkJCTxoMyBjbGFzcz0icm9wc190aXRsZSI+UmVtb2RlbGFjacOzbiBEZWwgSG9nYXI8L2gzPgoJCTwvZGl2PgoJCTxkaXYgY2xhc3M9InNlcnZpY2VfbWFpbiI+CgkJCTxwIGNsYXNzPSJyb3BzX3RleHQiPk51ZXN0cm8gc2VydmljaW8gcGFyYSB0aSBxdWUgeWEgbm8gdGUgc2llbnRlcyBhIGd1c3RvIGVuIGxvcyBlc3BhY2lvcyBkZSB0dSBob2dhciB5IG5lY2VzaXRhcyBkYXJsZSB1biBudWV2byBhaXJlIGEgdHUgaG9nYXIuPC9wPgoJCTwvZGl2PgoJCTxkaXYgY2xhc3M9InNlcnZpY2VfZm9vdGVyIj4KCQkJPGEgaHJlZj0iaHR0cHM6Ly9yb3BzYXJjaGl0ZXR0dXJhZXBhZXNhZ2dpby5jb20vZW4vaG9tZS1yZXN0eWxpbmcvIiBjbGFzcz0icm9wc19saW5rIj5WYWkgYWwgc2Vydml6aW88L2E+CgkJPC9kaXY+Cgk8L2Rpdj4KPC9kaXY+[\/vc_raw_html][\/vc_column_inner][\/vc_row_inner][\/vc_column][\/mk_page_section]\n<\/div>","protected":false},"excerpt":{"rendered":"<p>[mk_page_section bg_color=\u00bb#ffffff\u00bb video_loop=\u00bbfalse\u00bb min_height=\u00bb0&#8243; full_width=\u00bbtrue\u00bb padding_top=\u00bb0&#8243; padding_bottom=\u00bb0&#8243; top_shape_color=\u00bb#ffffff\u00bb bottom_shape_color=\u00bb#ffffff\u00bb section_id=\u00bbintro_progettazione_giardini\u00bb sidebar=\u00bbsidebar-1&#8243;][vc_column][mk_gallery images=\u00bb865,866,867,868&#8243; column=\u00bb4&#8243; height=\u00bb160&#8243; item_spacing=\u00bb4&#8243; margin_bottom=\u00bb4&#8243;][\/vc_column][\/mk_page_section][mk_page_section bg_color=\u00bb#ffffff\u00bb video_loop=\u00bbfalse\u00bb padding_top=\u00bb90&#8243; padding_bottom=\u00bb90&#8243; top_shape_color=\u00bb#ffffff\u00bb bottom_shape_color=\u00bb#ffffff\u00bb sidebar=\u00bbsidebar-1&#8243;][vc_column][vc_row_inner][vc_column_inner][mk_fancy_title size=\u00bb\u00bb margin_bottom=\u00bb0&#8243; font_family=\u00bbnone\u00bb responsive_align=\u00bbleft\u00bb]Dise\u00f1o De Jardines[\/mk_fancy_title][mk_fancy_title tag_name=\u00bbh3&#8243; color=\u00bb#787a79&#8243; size=\u00bb20&#8243; margin_bottom=\u00bb0&#8243; font_family=\u00bbnone\u00bb responsive_align=\u00bbleft\u00bb el_class=\u00bbitaly_style\u00bb]Transformamos tu espacio verde en un lugar acogedor y exuberante, tal como siempre lo has imaginado.[\/mk_fancy_title][vc_column_text disable_pattern=\u00bbfalse\u00bb margin_bottom=\u00bb5&#8243;]Camine descalzo por [&hellip;]<\/p>\n","protected":false},"author":3,"featured_media":0,"parent":0,"menu_order":0,"comment_status":"closed","ping_status":"open","template":"","meta":{"_acf_changed":false,"footnotes":""},"class_list":["post-3365","page","type-page","status-publish","hentry"],"acf":[],"aioseo_notices":[],"_links":{"self":[{"href":"https:\/\/ropsarchitetturaepaesaggio.com\/es\/wp-json\/wp\/v2\/pages\/3365","targetHints":{"allow":["GET"]}}],"collection":[{"href":"https:\/\/ropsarchitetturaepaesaggio.com\/es\/wp-json\/wp\/v2\/pages"}],"about":[{"href":"https:\/\/ropsarchitetturaepaesaggio.com\/es\/wp-json\/wp\/v2\/types\/page"}],"author":[{"embeddable":true,"href":"https:\/\/ropsarchitetturaepaesaggio.com\/es\/wp-json\/wp\/v2\/users\/3"}],"replies":[{"embeddable":true,"href":"https:\/\/ropsarchitetturaepaesaggio.com\/es\/wp-json\/wp\/v2\/comments?post=3365"}],"version-history":[{"count":4,"href":"https:\/\/ropsarchitetturaepaesaggio.com\/es\/wp-json\/wp\/v2\/pages\/3365\/revisions"}],"predecessor-version":[{"id":3452,"href":"https:\/\/ropsarchitetturaepaesaggio.com\/es\/wp-json\/wp\/v2\/pages\/3365\/revisions\/3452"}],"wp:attachment":[{"href":"https:\/\/ropsarchitetturaepaesaggio.com\/es\/wp-json\/wp\/v2\/media?parent=3365"}],"curies":[{"name":"wp","href":"https:\/\/api.w.org\/{rel}","templated":true}]}}