{"id":3358,"date":"2017-06-29T11:42:59","date_gmt":"2017-06-29T09:42:59","guid":{"rendered":"https:\/\/ropsarchitetturaepaesaggio.com\/quienes-somos\/"},"modified":"2023-03-10T17:33:07","modified_gmt":"2023-03-10T16:33:07","slug":"quienes-somos","status":"publish","type":"page","link":"https:\/\/ropsarchitetturaepaesaggio.com\/es\/quienes-somos\/","title":{"rendered":"Quienes somos"},"content":{"rendered":"<div class=\"wpb-content-wrapper\">[mk_page_section bg_image=\u00bbhttps:\/\/ropsarchitetturaepaesaggio.com\/wp-content\/uploads\/2022\/12\/pexels-alleksana-4185952-1-scaled.jpg\u00bb bg_color=\u00bb#ffffff\u00bb bg_position=\u00bbcenter center\u00bb bg_repeat=\u00bbno-repeat\u00bb bg_stretch=\u00bbtrue\u00bb min_height=\u00bb300&#8243; full_width=\u00bbtrue\u00bb padding_top=\u00bb0&#8243; padding_bottom=\u00bb0&#8243; top_shape_color=\u00bb#ffffff\u00bb bottom_shape_color=\u00bb#ffffff\u00bb section_id=\u00bbintro_progettazione_giardini\u00bb sidebar=\u00bbsidebar-1&#8243;][vc_column][\/vc_column][\/mk_page_section][mk_page_section bg_color=\u00bb#ffffff\u00bb padding_top=\u00bb90&#8243; padding_bottom=\u00bb90&#8243; top_shape_color=\u00bb#ffffff\u00bb bottom_shape_color=\u00bb#ffffff\u00bb sidebar=\u00bbsidebar-1&#8243;][vc_column][vc_row_inner][vc_column_inner][mk_fancy_title size=\u00bb\u00bb margin_bottom=\u00bb0&#8243; font_family=\u00bbnone\u00bb responsive_align=\u00bbleft\u00bb]Quienes somos[\/mk_fancy_title][\/vc_column_inner][\/vc_row_inner][vc_row_inner][vc_column_inner width=\u00bb2\/3&#8243;][mk_fancy_title tag_name=\u00bbh3&#8243; color=\u00bb#787a79&#8243; size=\u00bb20&#8243; margin_bottom=\u00bb0&#8243; font_family=\u00bbnone\u00bb responsive_align=\u00bbleft\u00bb el_class=\u00bbitaly_style\u00bb]Creamos atm\u00f3sferas m\u00e1gicas en la naturaleza donde puedes emocionarte y so\u00f1ar despierto.[\/mk_fancy_title][vc_column_text disable_pattern=\u00bbfalse\u00bb margin_bottom=\u00bb5&#8243;]ROPS arquitectura y paisaje es un estudio de arquitectura, interiorismo y dise\u00f1o de jardines.<br \/>\nNacido en 2014 de la mente creativa de Michele, nos encargamos de cada proyecto que nos encargan, coordinando todas las fases del trabajo, desde la idea inicial hasta su realizaci\u00f3n. Curiosos, competentes, apasionados y creativos, cada jard\u00edn que creamos y cada casa que rehabilitamos son \u00fanicos y motivo de satisfacci\u00f3n para nosotros.<\/p>\n<p>Hechos a la medida de las necesidades y requerimientos del cliente, nuestros proyectos transforman la belleza en realidad.[\/vc_column_text][\/vc_column_inner][vc_column_inner width=\u00bb1\/3&#8243;][mk_custom_box padding_horizental=\u00bb30&#8243; margin_bottom=\u00bb0&#8243; min_height=\u00bb120&#8243; el_class=\u00bbcustom_box_garden_design\u00bb bg_color=\u00bb#81d742&#8243; bg_image=\u00bbhttps:\/\/ropsarchitetturaepaesaggio.com\/wp-content\/uploads\/2017\/05\/bg-page-abstract.png\u00bb bg_repeat=\u00bbrepeat\u00bb][vc_column_text title=\u00bbConf\u00eda en un dise\u00f1ador de jardines\u00bb disable_pattern=\u00bbfalse\u00bb margin_bottom=\u00bb5&#8243; css=\u00bb.vc_custom_1678464681695{margin-bottom: 5px !important;}\u00bb]Elige la valoraci\u00f3n\/visi\u00f3n de un profesional para dar valor a tu entorno exterior y convertirlo en un espacio donde vivir emociones \u00fanicas.[\/vc_column_text][mk_button dimension=\u00bbflat\u00bb size=\u00bbmedium\u00bb letter_spacing=\u00bb\u00bb url=\u00bbcontatti\/\u00bb align=\u00bbnone\u00bb margin_bottom=\u00bb0&#8243; margin_right=\u00bb0&#8243; bg_color=\u00bb#27ae60&#8243; btn_hover_bg=\u00bb#0b9a49&#8243; btn_hover_txt_color=\u00bb#ffffff\u00bb]solicitar un presupuesto[\/mk_button][\/mk_custom_box][\/vc_column_inner][\/vc_row_inner][vc_row_inner][vc_column_inner][mk_fancy_title tag_name=\u00bbh3&#8243; color=\u00bb#787a79&#8243; size=\u00bb20&#8243; margin_bottom=\u00bb0&#8243; font_family=\u00bbnone\u00bb responsive_align=\u00bbleft\u00bb el_class=\u00bbitaly_style\u00bb]NUESTRO LOGOTIPO[\/mk_fancy_title][vc_column_text disable_pattern=\u00bbfalse\u00bb margin_bottom=\u00bb5&#8243;]Nuestro logo representa de forma estilizada la uni\u00f3n entre arquitectura y naturaleza a trav\u00e9s de la representaci\u00f3n del nido de un p\u00e1jaro brasile\u00f1o (Jo\u00e3o de barro) que construye su propia casa, apoy\u00e1ndose en una ramita que tiene una hoja al final. Este \u00faltimo elemento tiene un doble significado porque tambi\u00e9n representa un pincel que representa el dise\u00f1o y la creatividad del estudio.[\/vc_column_text][\/vc_column_inner][\/vc_row_inner][\/vc_column][\/mk_page_section][mk_page_section bg_image=\u00bbhttps:\/\/ropsarchitetturaepaesaggio.com\/wp-content\/uploads\/2017\/05\/bg-page-abstract.png\u00bb bg_color=\u00bb#ffffff\u00bb bg_position=\u00bbcenter center\u00bb padding_top=\u00bb90&#8243; padding_bottom=\u00bb90&#8243; top_shape_color=\u00bb#ffffff\u00bb bottom_shape_color=\u00bb#ffffff\u00bb sidebar=\u00bbsidebar-1&#8243;][vc_column][vc_row_inner][vc_column_inner][mk_fancy_title tag_name=\u00bbh3&#8243; size=\u00bb\u00bb margin_bottom=\u00bb0&#8243; font_family=\u00bbnone\u00bb responsive_align=\u00bbleft\u00bb]PUBLICACIONES[\/mk_fancy_title][vc_column_text disable_pattern=\u00bbfalse\u00bb margin_bottom=\u00bb5&#8243;]ROPS es m\u00e1s que arquitectura paisajista. ROPS es un semillero creativo que siempre est\u00e1 en movimiento y lleno de ideas. Aqu\u00ed puedes encontrar algunos contenidos que hemos publicado a lo largo del tiempo y que nos enorgullecen de ser quienes somos.[\/vc_column_text][\/vc_column_inner][\/vc_row_inner][vc_row_inner][vc_column_inner width=\u00bb1\/3&#8243;][vc_column_text title=\u00bbEL JARD\u00cdN DE DAL\u00cd\u00bb disable_pattern=\u00bbfalse\u00bb margin_bottom=\u00bb5&#8243; css=\u00bb.vc_custom_1678465952391{margin-bottom: 5px !important;}\u00bb]Revista \u201cRestruttura Case e Casali\u201d, n\u00b0 46, a\u00f1o VII &#8211; Actualidad y tendencias &#8211; \u201cUn jard\u00edn en el balc\u00f3n: un puente entre la casa y la ciudad\u201d. &#8211; P\u00e1gina 111. 111. Tattilo editrice. Roma, RM &#8211; Italia.[\/vc_column_text][\/vc_column_inner][vc_column_inner width=\u00bb1\/3&#8243;][vc_column_text title=\u00bbARTISTAS DE LA VIDA &#8211; ARTE QUE CORRE POR LAS VENAS\u00bb disable_pattern=\u00bbfalse\u00bb margin_bottom=\u00bb5&#8243; css=\u00bb.vc_custom_1678465967294{margin-bottom: 5px !important;}\u00bb]Revista \u201cFolha do Alto Vale\u201d N\u00b0 267 &#8211; \u201cArtistas de la vida &#8211; Arte que corre en las venas\u201d &#8211; Pag. 12. 12. Rio do Sul, SC &#8211; Brasil. (julio de 2010).[\/vc_column_text][\/vc_column_inner][vc_column_inner width=\u00bb1\/3&#8243;][vc_column_text title=\u00bbPROYECTO INFORM\u00c1TICO COLINA DE LA CRUZ\u00bb disable_pattern=\u00bbfalse\u00bb margin_bottom=\u00bb5&#8243; css=\u00bb.vc_custom_1678465983174{margin-bottom: 5px !important;}\u00bb]Proyecto TI de paisaje en pendiente, simulaci\u00f3n espacial volum\u00e9trica de la Collina da Croce, Florian\u00f3polis, Santa Catarina\u201d. &#8211; UFSC &#8211; Septiembre 2004.[\/vc_column_text][\/vc_column_inner][\/vc_row_inner][\/vc_column][\/mk_page_section][mk_page_section bg_color=\u00bb#ffffff\u00bb min_height=\u00bb0&#8243; full_width=\u00bbtrue\u00bb padding_top=\u00bb0&#8243; padding_bottom=\u00bb0&#8243; top_shape_color=\u00bb#ffffff\u00bb bottom_shape_color=\u00bb#ffffff\u00bb section_id=\u00bbintro_progettazione_giardini\u00bb sidebar=\u00bbsidebar-1&#8243;][vc_column][mk_gallery images=\u00bb861,862,863&#8243; height=\u00bb160&#8243; item_spacing=\u00bb4&#8243; margin_bottom=\u00bb4&#8243;][\/vc_column][\/mk_page_section][mk_page_section bg_color=\u00bb#ffffff\u00bb bg_position=\u00bbcenter center\u00bb padding_top=\u00bb90&#8243; padding_bottom=\u00bb90&#8243; top_shape_color=\u00bb#ffffff\u00bb bottom_shape_color=\u00bb#ffffff\u00bb sidebar=\u00bbsidebar-1&#8243;][vc_column][vc_row_inner][vc_column_inner][mk_fancy_title tag_name=\u00bbh3&#8243; size=\u00bb\u00bb margin_bottom=\u00bb0&#8243; font_family=\u00bbnone\u00bb responsive_align=\u00bbleft\u00bb]CAPACITACI\u00d3N[\/mk_fancy_title][vc_column_text disable_pattern=\u00bbfalse\u00bb margin_bottom=\u00bb5&#8243;]Nuestra formaci\u00f3n sigue una doble v\u00eda: arquitect\u00f3nica y art\u00edstica. Los estudios comienzan en Brasil y luego se completan en Italia.<\/p>\n<p>Graduada en arquitectura por la Universidad Federal de Santa Catarina (2006), Michele contin\u00faa sus estudios con dos m\u00e1steres: Gesti\u00f3n del Proyecto del Conjunto Arquitect\u00f3nico en Sapienza (2009) y Vivienda &#8211; Nuevas formas de vivir &#8211; entre innovaci\u00f3n y transformaci\u00f3n en Roma Tre (2013).<\/p>\n<p>Paralelamente, se desarroll\u00f3 el inter\u00e9s art\u00edstico, comenzando un viaje en la Academia de Bellas Artes de Florian\u00f3polis y luego terminando en la Academia de Bellas Artes de Roma (2010).<\/p>\n<p>La m\u00e1xima expresi\u00f3n de estos a\u00f1os de formaci\u00f3n se puede ver en la arquitectura de los jardines, donde podemos dise\u00f1ar expresando la creatividad art\u00edstica combinada con las formas de la naturaleza y la arquitectura.[\/vc_column_text][\/vc_column_inner][\/vc_row_inner][vc_row_inner][vc_column_inner][mk_fancy_title tag_name=\u00bbh3&#8243; size=\u00bb\u00bb margin_bottom=\u00bb0&#8243; font_family=\u00bbnone\u00bb responsive_align=\u00bbleft\u00bb]ARTE[\/mk_fancy_title][vc_column_text disable_pattern=\u00bbfalse\u00bb margin_bottom=\u00bb5&#8243;]La sensibilidad art\u00edstica que ponemos en cada proyecto est\u00e1 en manos de Michele, quien tiene unas ra\u00edces s\u00f3lidas en la arquitectura; la expresi\u00f3n principal est\u00e1 en el espacio que se contamina a trav\u00e9s de los colores de la naturaleza.<\/p>\n<p>Entre nuestros trabajos, podemos mencionar:<\/p>\n<ul>\n<li>\u2022 dos vacas muy bonitas (Cow Parade Roma 2010 y Porto Alegre 2010);<\/li>\n<li>\u2022 un balc\u00f3n de flores exuberantes (Il Giardino di Dal\u00ec en el Festival de Verde y Paisaje en Roma 2012).<\/li>\n<\/ul>\n<p>Estas obras, como las dem\u00e1s creadas por Michele, potencian la alegr\u00eda de vivir en contacto con la naturaleza incluso en nuestra vida cotidiana, tanto la urbana de un balc\u00f3n capaz de revivir nuestros sentidos, como la de nuestras pasiones (la m\u00fasica y el piano) y nuestros afectos (ni\u00f1os que disfrutan coloreando transfigurando las cosas seg\u00fan el alma del ni\u00f1o).[\/vc_column_text][\/vc_column_inner][\/vc_row_inner][\/vc_column][\/mk_page_section][mk_page_section bg_image=\u00bbhttps:\/\/ropsarchitetturaepaesaggio.com\/wp-content\/uploads\/2017\/05\/bg-page-abstract.png\u00bb bg_color=\u00bb#27ae60&#8243; bg_position=\u00bbcenter center\u00bb top_shadow=\u00bbtrue\u00bb min_height=\u00bb\u00bb padding_top=\u00bb40&#8243; padding_bottom=\u00bb15&#8243; top_shape_color=\u00bb#ffffff\u00bb bottom_shape_color=\u00bb#ffffff\u00bb sidebar=\u00bbsidebar-1&#8243;][vc_column][vc_row_inner][vc_column_inner][vc_cta h2=\u00bbConvierte La Belleza En Realidad\u00bb shape=\u00bbsquare\u00bb style=\u00bbcustom\u00bb add_button=\u00bbright\u00bb btn_title=\u00bbSolicite un presupuesto gratuito\u00bb btn_style=\u00bbflat\u00bb btn_shape=\u00bbsquare\u00bb btn_color=\u00bbwarning\u00bb btn_size=\u00bblg\u00bb btn_i_type=\u00bblinecons\u00bb btn_i_icon_linecons=\u00bbvc_li vc_li-pen\u00bb btn_add_icon=\u00bbtrue\u00bb custom_background=\u00bbrgba(255,255,255,0.01)\u00bb custom_text=\u00bb#ffffff\u00bb el_class=\u00bbrops_call_to_action\u00bb css=\u00bb.vc_custom_1506333256135{border-top-width: 0px !important;border-right-width: 0px !important;border-bottom-width: 0px !important;border-left-width: 0px !important;}\u00bb btn_link=\u00bburl:https%3A%2F%2Fropsarchitetturaepaesaggio.com%2Fes%2Fcontactos%2F|\u00bb]Ya sea para redise\u00f1ar su jard\u00edn, organizar su balc\u00f3n o renovar y mejorar su casa, este es su lugar. Cu\u00e9ntanos tu proyecto: estaremos encantados de ayudarte para hacerlo realidad.[\/vc_cta][\/vc_column_inner][\/vc_row_inner][\/vc_column][\/mk_page_section]\n<\/div>","protected":false},"excerpt":{"rendered":"<p>[mk_page_section bg_image=\u00bbhttps:\/\/ropsarchitetturaepaesaggio.com\/wp-content\/uploads\/2022\/12\/pexels-alleksana-4185952-1-scaled.jpg\u00bb bg_color=\u00bb#ffffff\u00bb bg_position=\u00bbcenter center\u00bb bg_repeat=\u00bbno-repeat\u00bb bg_stretch=\u00bbtrue\u00bb min_height=\u00bb300&#8243; full_width=\u00bbtrue\u00bb padding_top=\u00bb0&#8243; padding_bottom=\u00bb0&#8243; top_shape_color=\u00bb#ffffff\u00bb bottom_shape_color=\u00bb#ffffff\u00bb section_id=\u00bbintro_progettazione_giardini\u00bb sidebar=\u00bbsidebar-1&#8243;][vc_column][\/vc_column][\/mk_page_section][mk_page_section bg_color=\u00bb#ffffff\u00bb padding_top=\u00bb90&#8243; padding_bottom=\u00bb90&#8243; top_shape_color=\u00bb#ffffff\u00bb bottom_shape_color=\u00bb#ffffff\u00bb sidebar=\u00bbsidebar-1&#8243;][vc_column][vc_row_inner][vc_column_inner][mk_fancy_title size=\u00bb\u00bb margin_bottom=\u00bb0&#8243; font_family=\u00bbnone\u00bb responsive_align=\u00bbleft\u00bb]Quienes somos[\/mk_fancy_title][\/vc_column_inner][\/vc_row_inner][vc_row_inner][vc_column_inner width=\u00bb2\/3&#8243;][mk_fancy_title tag_name=\u00bbh3&#8243; color=\u00bb#787a79&#8243; size=\u00bb20&#8243; margin_bottom=\u00bb0&#8243; font_family=\u00bbnone\u00bb responsive_align=\u00bbleft\u00bb el_class=\u00bbitaly_style\u00bb]Creamos atm\u00f3sferas m\u00e1gicas en la naturaleza donde puedes emocionarte y so\u00f1ar despierto.[\/mk_fancy_title][vc_column_text disable_pattern=\u00bbfalse\u00bb margin_bottom=\u00bb5&#8243;]ROPS arquitectura y paisaje es un estudio de arquitectura, [&hellip;]<\/p>\n","protected":false},"author":3,"featured_media":0,"parent":0,"menu_order":0,"comment_status":"closed","ping_status":"closed","template":"","meta":{"_acf_changed":false,"footnotes":""},"class_list":["post-3358","page","type-page","status-publish","hentry"],"acf":[],"aioseo_notices":[],"_links":{"self":[{"href":"https:\/\/ropsarchitetturaepaesaggio.com\/es\/wp-json\/wp\/v2\/pages\/3358","targetHints":{"allow":["GET"]}}],"collection":[{"href":"https:\/\/ropsarchitetturaepaesaggio.com\/es\/wp-json\/wp\/v2\/pages"}],"about":[{"href":"https:\/\/ropsarchitetturaepaesaggio.com\/es\/wp-json\/wp\/v2\/types\/page"}],"author":[{"embeddable":true,"href":"https:\/\/ropsarchitetturaepaesaggio.com\/es\/wp-json\/wp\/v2\/users\/3"}],"replies":[{"embeddable":true,"href":"https:\/\/ropsarchitetturaepaesaggio.com\/es\/wp-json\/wp\/v2\/comments?post=3358"}],"version-history":[{"count":2,"href":"https:\/\/ropsarchitetturaepaesaggio.com\/es\/wp-json\/wp\/v2\/pages\/3358\/revisions"}],"predecessor-version":[{"id":3464,"href":"https:\/\/ropsarchitetturaepaesaggio.com\/es\/wp-json\/wp\/v2\/pages\/3358\/revisions\/3464"}],"wp:attachment":[{"href":"https:\/\/ropsarchitetturaepaesaggio.com\/es\/wp-json\/wp\/v2\/media?parent=3358"}],"curies":[{"name":"wp","href":"https:\/\/api.w.org\/{rel}","templated":true}]}}