{"id":3356,"date":"2017-06-26T16:39:58","date_gmt":"2017-06-26T14:39:58","guid":{"rendered":"https:\/\/ropsarchitetturaepaesaggio.com\/contactos\/"},"modified":"2023-03-28T16:22:41","modified_gmt":"2023-03-28T14:22:41","slug":"contactos","status":"publish","type":"page","link":"https:\/\/ropsarchitetturaepaesaggio.com\/es\/contactos\/","title":{"rendered":"CONTACTOS"},"content":{"rendered":"<div class=\"wpb-content-wrapper\">[vc_row fullwidth=\u00bbtrue\u00bb equal_columns=\u00bbtrue\u00bb attached=\u00bbtrue\u00bb el_class=\u00bbmaps__container\u00bb][vc_column][vc_row_inner el_id=\u00bbtorino_map\u00bb el_class=\u00bbcontact___map\u00bb][vc_column_inner][mk_advanced_gmaps latitude=\u00bb45.068719&#8243; longitude=\u00bb7.6758273&#8243; content_bg_color=\u00bb#ffffff\u00bb content_font_color=\u00bb#777777&#8243; height=\u00bb340&#8243; map_zoom=\u00bb17&#8243;][\/vc_column_inner][\/vc_row_inner][vc_row_inner el_id=\u00bbzaragoza_map\u00bb el_class=\u00bbcontact___map active_map\u00bb][vc_column_inner][mk_advanced_gmaps latitude=\u00bb41.6275869&#8243; longitude=\u00bb-0.9415895&#8243; content_bg_color=\u00bb#ffffff\u00bb content_font_color=\u00bb#777777&#8243; height=\u00bb340&#8243; map_zoom=\u00bb17&#8243;][\/vc_column_inner][\/vc_row_inner][vc_row_inner el_id=\u00bbcassino_map\u00bb el_class=\u00bbcontact___map\u00bb][vc_column_inner][mk_advanced_gmaps latitude=\u00bb41.4917074&#8243; longitude=\u00bb13.830774799999972&#8243; content_bg_color=\u00bb#ffffff\u00bb content_font_color=\u00bb#777777&#8243; height=\u00bb340&#8243; map_zoom=\u00bb17&#8243;][\/vc_column_inner][\/vc_row_inner][\/vc_column][\/vc_row][vc_row][vc_column][vc_raw_html]PGRpdiBjbGFzcz0ibWFwX19fYnV0dG9ucyI+Cgk8dWw+CiAgICAgICAgICAgICAgICA8bGkgY2xhc3M9Im1hcF9fX2J1dHRvbiI+CgkJCTxhIGhyZWY9IiMiIGNsYXNzPSJyb3BzX19fYnV0dG9uIGFjdGl2ZV9idXR0b25fX21hcCIgb25jbGljaz0iY2hhbmdlTWFwKGV2ZW50LCB0aGlzKSIgZGF0YS1tYXA9InphcmFnb3phX21hcCI+WmFyYWdvemE8L2E+CgkJPC9saT4KCQk8bGkgY2xhc3M9Im1hcF9fX2J1dHRvbiI+CgkJCTxhIGhyZWY9IiMiIGNsYXNzPSJyb3BzX19fYnV0dG9uICIgb25jbGljaz0iY2hhbmdlTWFwKGV2ZW50LCB0aGlzKSIgZGF0YS1tYXA9InRvcmlub19tYXAiPlRvcmlubzwvYT4KCQk8L2xpPgoJCTxsaSBjbGFzcz0ibWFwX19fYnV0dG9uIj4KCQkJPGEgaHJlZj0iIyIgY2xhc3M9InJvcHNfX19idXR0b24iIG9uY2xpY2s9ImNoYW5nZU1hcChldmVudCwgdGhpcykiIGRhdGEtbWFwPSJjYXNzaW5vX21hcCI+Q2Fzc2lubzwvYT4KCQk8L2xpPgogICAgICAgICAgICAgICAKCTwvdWw+CjwvZGl2Pgo8c2NyaXB0IHR5cGU9InRleHQvamF2YXNjcmlwdCI+CglmdW5jdGlvbiBjaGFuZ2VNYXAoZSwgdGhhdCkgewoJCWUucHJldmVudERlZmF1bHQoKTsKCQl2YXIgbWFwX2lkID0galF1ZXJ5KHRoYXQpLmRhdGEoJ21hcCcpOwoJCWpRdWVyeSgnLmNvbnRhY3RfX19tYXAnKS5yZW1vdmVDbGFzcygnYWN0aXZlX21hcCcpOwoJCWpRdWVyeSgnLnJvcHNfX19idXR0b24nKS5yZW1vdmVDbGFzcygnYWN0aXZlX2J1dHRvbl9fbWFwJyk7CgkJalF1ZXJ5KCcjJyArIG1hcF9pZCkuYWRkQ2xhc3MoJ2FjdGl2ZV9tYXAnKTsKCQlqUXVlcnkodGhhdCkuYWRkQ2xhc3MoJ2FjdGl2ZV9idXR0b25fX21hcCcpOwoJfQo8L3NjcmlwdD4=[\/vc_raw_html][\/vc_column][\/vc_row][mk_page_section bg_position=\u00bbcenter center\u00bb min_height=\u00bb\u00bb padding_top=\u00bb60&#8243; padding_bottom=\u00bb90&#8243; top_shape_style=\u00bbjagged-top\u00bb top_shape_color=\u00bb\u00bb bottom_shape_color=\u00bb#ffffff\u00bb section_id=\u00bbgarden_home_ideas\u00bb sidebar=\u00bbsidebar-1&#8243;][vc_column][vc_row_inner][vc_column_inner width=\u00bb2\/3&#8243;][mk_fancy_title size=\u00bb\u00bb margin_bottom=\u00bb0&#8243; font_family=\u00bbnone\u00bb responsive_align=\u00bbleft\u00bb]Si necesitas m\u00e1s informaci\u00f3n o necesitas una cotizaci\u00f3n, escr\u00edbenos. Estamos aqu\u00ed para ti.[\/mk_fancy_title][mk_divider style=\u00bbthin_solid\u00bb divider_width=\u00bbcustom_width\u00bb custom_width=\u00bb80&#8243; align=\u00bbleft\u00bb thin_single_color=\u00bb#89d84f\u00bb thickness=\u00bb3&#8243; margin_top=\u00bb5&#8243; margin_bottom=\u00bb30&#8243;]\n<div class=\"wpcf7 no-js\" id=\"wpcf7-f3522-o1\" lang=\"es-ES\" dir=\"ltr\" data-wpcf7-id=\"3522\">\n<div class=\"screen-reader-response\"><p role=\"status\" aria-live=\"polite\" aria-atomic=\"true\"><\/p> <ul><\/ul><\/div>\n<form action=\"\/es\/wp-json\/wp\/v2\/pages\/3356#wpcf7-f3522-o1\" method=\"post\" class=\"wpcf7-form init\" aria-label=\"Formulario de contacto\" novalidate=\"novalidate\" data-status=\"init\">\n<fieldset class=\"hidden-fields-container\"><input type=\"hidden\" name=\"_wpcf7\" value=\"3522\" \/><input type=\"hidden\" name=\"_wpcf7_version\" value=\"6.1.5\" \/><input type=\"hidden\" name=\"_wpcf7_locale\" value=\"es_ES\" \/><input type=\"hidden\" name=\"_wpcf7_unit_tag\" value=\"wpcf7-f3522-o1\" \/><input type=\"hidden\" name=\"_wpcf7_container_post\" value=\"0\" \/><input type=\"hidden\" name=\"_wpcf7_posted_data_hash\" value=\"\" \/><input type=\"hidden\" name=\"_wpcf7_recaptcha_response\" value=\"\" \/>\n<\/fieldset>\n<div class=\"custom_form\">\n\t<div class=\"form_group two_items\">\n\t\t<div class=\"form_item\">\n\t\t\t<p><span class=\"wpcf7-form-control-wrap\" data-name=\"nome\"><input size=\"40\" maxlength=\"400\" class=\"wpcf7-form-control wpcf7-text wpcf7-validates-as-required\" aria-required=\"true\" aria-invalid=\"false\" placeholder=\"Nombre\" value=\"\" type=\"text\" name=\"nome\" \/><\/span>\n\t\t\t<\/p>\n\t\t<\/div>\n\t\t<div class=\"form_item\">\n\t\t\t<p><span class=\"wpcf7-form-control-wrap\" data-name=\"cognome\"><input size=\"40\" maxlength=\"400\" class=\"wpcf7-form-control wpcf7-text wpcf7-validates-as-required\" aria-required=\"true\" aria-invalid=\"false\" value=\"Apellido\" type=\"text\" name=\"cognome\" \/><\/span>\n\t\t\t<\/p>\n\t\t<\/div>\n\t<\/div>\n\t<div class=\"form_group two_items\">\n\t\t<div class=\"form_item\">\n\t\t\t<p><span class=\"wpcf7-form-control-wrap\" data-name=\"email\"><input size=\"40\" maxlength=\"400\" class=\"wpcf7-form-control wpcf7-email wpcf7-validates-as-required wpcf7-text wpcf7-validates-as-email\" aria-required=\"true\" aria-invalid=\"false\" placeholder=\"E-mail *\" value=\"\" type=\"email\" name=\"email\" \/><\/span>\n\t\t\t<\/p>\n\t\t<\/div>\n\t\t<div class=\"form_item\">\n\t\t\t<p><span class=\"wpcf7-form-control-wrap\" data-name=\"telefono\"><input size=\"40\" maxlength=\"400\" class=\"wpcf7-form-control wpcf7-text\" aria-invalid=\"false\" value=\"Tel\u00e9fono\" type=\"text\" name=\"telefono\" \/><\/span>\n\t\t\t<\/p>\n\t\t<\/div>\n\t<\/div>\n\t<div class=\"form_group one_item\">\n\t\t<div class=\"form_item\">\n\t\t\t<p><span class=\"wpcf7-form-control-wrap\" data-name=\"messaggio\"><textarea cols=\"40\" rows=\"10\" maxlength=\"2000\" class=\"wpcf7-form-control wpcf7-textarea wpcf7-validates-as-required\" aria-required=\"true\" aria-invalid=\"false\" name=\"messaggio\">Mensaje*<\/textarea><\/span>\n\t\t\t<\/p>\n\t\t<\/div>\n\t<\/div>\n\t<div class=\"form_group one_item\">\n\t\t<div class=\"form_item\">\n\t\t\t<p><span class=\"privacy_info\">He le\u00eddo la <a href=\"\/\/www.iubenda.com\/privacy-policy\/8226435\/legal\" target=\"_blank\" title=\"Pol\u00edtica de privacidad\">Pol\u00edtica de privacidad<\/a> y acepto el uso de mi direcci\u00f3n de correo electr\u00f3nico para recibir boletines relacionados con ofertas promocionales y para mantenerme actualizado sobre sus productos y servicios.<\/span>\n\t\t\t<\/p>\n\t\t<\/div>\n\t<\/div>\n\t<div class=\"form_group one_item last_item\">\n\t\t<div class=\"form_item\">\n\t\t\t<p><input class=\"wpcf7-form-control wpcf7-submit has-spinner\" type=\"submit\" value=\"Enviar\" \/>\n\t\t\t<\/p>\n\t\t<\/div>\n\t<\/div>\n<\/div><p style=\"display: none !important;\" class=\"akismet-fields-container\" data-prefix=\"_wpcf7_ak_\"><label>&#916;<textarea name=\"_wpcf7_ak_hp_textarea\" cols=\"45\" rows=\"8\" maxlength=\"100\"><\/textarea><\/label><input type=\"hidden\" id=\"ak_js_1\" name=\"_wpcf7_ak_js\" value=\"50\"\/><script>document.getElementById( \"ak_js_1\" ).setAttribute( \"value\", ( new Date() ).getTime() );<\/script><\/p><div class=\"wpcf7-response-output\" aria-hidden=\"true\"><\/div>\n<\/form>\n<\/div>\n[\/vc_column_inner][vc_column_inner width=\u00bb1\/3&#8243;][mk_fancy_title size=\u00bb\u00bb margin_bottom=\u00bb0&#8243; font_family=\u00bbnone\u00bb responsive_align=\u00bbleft\u00bb]\u00bfTienes prisa?[\/mk_fancy_title][mk_fancy_title tag_name=\u00bbh3&#8243; color=\u00bb#787a79&#8243; size=\u00bb20&#8243; margin_bottom=\u00bb0&#8243; font_family=\u00bbnone\u00bb responsive_align=\u00bbleft\u00bb el_class=\u00bbitaly_style\u00bb]\u00bfQuieres hablarnos de tu proyecto de inmediato? Bueno, no podemos esperar a escuchar lo que tienes en mente.[\/mk_fancy_title][mk_button dimension=\u00bbflat\u00bb size=\u00bblarge\u00bb letter_spacing=\u00bb\u00bb url=\u00bb+393297543035&#8243; align=\u00bbnone\u00bb fullwidth=\u00bbtrue\u00bb margin_bottom=\u00bb0&#8243; margin_right=\u00bb0&#8243; bg_color=\u00bb#27ae60&#8243; btn_hover_bg=\u00bb#0b9a49&#8243; btn_hover_txt_color=\u00bb#ffffff\u00bb type=\u00bbphone\u00bb]\u00a1Ll\u00e1manos![\/mk_button][mk_padding_divider size=\u00bb30&#8243;][vc_column_text css=\u00bb.vc_custom_1581498969816{margin-bottom: 0px !important;}\u00bb][\/vc_column_text][\/vc_column_inner][\/vc_row_inner][\/vc_column][\/mk_page_section]\n<\/div>","protected":false},"excerpt":{"rendered":"<p>[vc_row fullwidth=\u00bbtrue\u00bb equal_columns=\u00bbtrue\u00bb attached=\u00bbtrue\u00bb el_class=\u00bbmaps__container\u00bb][vc_column][vc_row_inner el_id=\u00bbtorino_map\u00bb el_class=\u00bbcontact___map\u00bb][vc_column_inner][mk_advanced_gmaps latitude=\u00bb45.068719&#8243; longitude=\u00bb7.6758273&#8243; content_bg_color=\u00bb#ffffff\u00bb content_font_color=\u00bb#777777&#8243; height=\u00bb340&#8243; map_zoom=\u00bb17&#8243;][\/vc_column_inner][\/vc_row_inner][vc_row_inner el_id=\u00bbzaragoza_map\u00bb el_class=\u00bbcontact___map active_map\u00bb][vc_column_inner][mk_advanced_gmaps latitude=\u00bb41.6275869&#8243; longitude=\u00bb-0.9415895&#8243; content_bg_color=\u00bb#ffffff\u00bb content_font_color=\u00bb#777777&#8243; height=\u00bb340&#8243; map_zoom=\u00bb17&#8243;][\/vc_column_inner][\/vc_row_inner][vc_row_inner el_id=\u00bbcassino_map\u00bb el_class=\u00bbcontact___map\u00bb][vc_column_inner][mk_advanced_gmaps latitude=\u00bb41.4917074&#8243; longitude=\u00bb13.830774799999972&#8243; content_bg_color=\u00bb#ffffff\u00bb content_font_color=\u00bb#777777&#8243; height=\u00bb340&#8243; map_zoom=\u00bb17&#8243;][\/vc_column_inner][\/vc_row_inner][\/vc_column][\/vc_row][vc_row][vc_column][vc_raw_html]PGRpdiBjbGFzcz0ibWFwX19fYnV0dG9ucyI+Cgk8dWw+CiAgICAgICAgICAgICAgICA8bGkgY2xhc3M9Im1hcF9fX2J1dHRvbiI+CgkJCTxhIGhyZWY9IiMiIGNsYXNzPSJyb3BzX19fYnV0dG9uIGFjdGl2ZV9idXR0b25fX21hcCIgb25jbGljaz0iY2hhbmdlTWFwKGV2ZW50LCB0aGlzKSIgZGF0YS1tYXA9InphcmFnb3phX21hcCI+WmFyYWdvemE8L2E+CgkJPC9saT4KCQk8bGkgY2xhc3M9Im1hcF9fX2J1dHRvbiI+CgkJCTxhIGhyZWY9IiMiIGNsYXNzPSJyb3BzX19fYnV0dG9uICIgb25jbGljaz0iY2hhbmdlTWFwKGV2ZW50LCB0aGlzKSIgZGF0YS1tYXA9InRvcmlub19tYXAiPlRvcmlubzwvYT4KCQk8L2xpPgoJCTxsaSBjbGFzcz0ibWFwX19fYnV0dG9uIj4KCQkJPGEgaHJlZj0iIyIgY2xhc3M9InJvcHNfX19idXR0b24iIG9uY2xpY2s9ImNoYW5nZU1hcChldmVudCwgdGhpcykiIGRhdGEtbWFwPSJjYXNzaW5vX21hcCI+Q2Fzc2lubzwvYT4KCQk8L2xpPgogICAgICAgICAgICAgICAKCTwvdWw+CjwvZGl2Pgo8c2NyaXB0IHR5cGU9InRleHQvamF2YXNjcmlwdCI+CglmdW5jdGlvbiBjaGFuZ2VNYXAoZSwgdGhhdCkgewoJCWUucHJldmVudERlZmF1bHQoKTsKCQl2YXIgbWFwX2lkID0galF1ZXJ5KHRoYXQpLmRhdGEoJ21hcCcpOwoJCWpRdWVyeSgnLmNvbnRhY3RfX19tYXAnKS5yZW1vdmVDbGFzcygnYWN0aXZlX21hcCcpOwoJCWpRdWVyeSgnLnJvcHNfX19idXR0b24nKS5yZW1vdmVDbGFzcygnYWN0aXZlX2J1dHRvbl9fbWFwJyk7CgkJalF1ZXJ5KCcjJyArIG1hcF9pZCkuYWRkQ2xhc3MoJ2FjdGl2ZV9tYXAnKTsKCQlqUXVlcnkodGhhdCkuYWRkQ2xhc3MoJ2FjdGl2ZV9idXR0b25fX21hcCcpOwoJfQo8L3NjcmlwdD4=[\/vc_raw_html][\/vc_column][\/vc_row][mk_page_section bg_position=\u00bbcenter center\u00bb min_height=\u00bb\u00bb padding_top=\u00bb60&#8243; padding_bottom=\u00bb90&#8243; top_shape_style=\u00bbjagged-top\u00bb top_shape_color=\u00bb\u00bb bottom_shape_color=\u00bb#ffffff\u00bb section_id=\u00bbgarden_home_ideas\u00bb sidebar=\u00bbsidebar-1&#8243;][vc_column][vc_row_inner][vc_column_inner width=\u00bb2\/3&#8243;][mk_fancy_title size=\u00bb\u00bb margin_bottom=\u00bb0&#8243; font_family=\u00bbnone\u00bb responsive_align=\u00bbleft\u00bb]Si necesitas m\u00e1s informaci\u00f3n o necesitas una cotizaci\u00f3n, escr\u00edbenos. Estamos aqu\u00ed [&hellip;]<\/p>\n","protected":false},"author":3,"featured_media":0,"parent":0,"menu_order":0,"comment_status":"closed","ping_status":"closed","template":"","meta":{"_acf_changed":false,"footnotes":""},"class_list":["post-3356","page","type-page","status-publish","hentry"],"acf":[],"aioseo_notices":[],"_links":{"self":[{"href":"https:\/\/ropsarchitetturaepaesaggio.com\/es\/wp-json\/wp\/v2\/pages\/3356","targetHints":{"allow":["GET"]}}],"collection":[{"href":"https:\/\/ropsarchitetturaepaesaggio.com\/es\/wp-json\/wp\/v2\/pages"}],"about":[{"href":"https:\/\/ropsarchitetturaepaesaggio.com\/es\/wp-json\/wp\/v2\/types\/page"}],"author":[{"embeddable":true,"href":"https:\/\/ropsarchitetturaepaesaggio.com\/es\/wp-json\/wp\/v2\/users\/3"}],"replies":[{"embeddable":true,"href":"https:\/\/ropsarchitetturaepaesaggio.com\/es\/wp-json\/wp\/v2\/comments?post=3356"}],"version-history":[{"count":1,"href":"https:\/\/ropsarchitetturaepaesaggio.com\/es\/wp-json\/wp\/v2\/pages\/3356\/revisions"}],"predecessor-version":[{"id":3527,"href":"https:\/\/ropsarchitetturaepaesaggio.com\/es\/wp-json\/wp\/v2\/pages\/3356\/revisions\/3527"}],"wp:attachment":[{"href":"https:\/\/ropsarchitetturaepaesaggio.com\/es\/wp-json\/wp\/v2\/media?parent=3356"}],"curies":[{"name":"wp","href":"https:\/\/api.w.org\/{rel}","templated":true}]}}