{"id":3347,"date":"2017-06-29T12:39:27","date_gmt":"2017-06-29T10:39:27","guid":{"rendered":"https:\/\/ropsarchitetturaepaesaggio.com\/proyectos\/"},"modified":"2023-03-10T16:54:37","modified_gmt":"2023-03-10T15:54:37","slug":"proyectos","status":"publish","type":"page","link":"https:\/\/ropsarchitetturaepaesaggio.com\/es\/proyectos\/","title":{"rendered":"PROYECTOS"},"content":{"rendered":"<div class=\"wpb-content-wrapper\">[mk_page_section bg_image=\u00bbhttps:\/\/ropsarchitetturaepaesaggio.com\/wp-content\/uploads\/2017\/06\/intro_progetti_in_corso.jpg\u00bb bg_color=\u00bb#ffffff\u00bb bg_position=\u00bbcenter center\u00bb bg_repeat=\u00bbno-repeat\u00bb bg_stretch=\u00bbtrue\u00bb min_height=\u00bb300&#8243; full_width=\u00bbtrue\u00bb padding_top=\u00bb0&#8243; padding_bottom=\u00bb0&#8243; top_shape_color=\u00bb#ffffff\u00bb bottom_shape_color=\u00bb#ffffff\u00bb section_id=\u00bbintro_progettazione_giardini\u00bb sidebar=\u00bbsidebar-1&#8243;][vc_column][\/vc_column][\/mk_page_section][mk_page_section bg_color=\u00bb#ffffff\u00bb padding_top=\u00bb90&#8243; padding_bottom=\u00bb90&#8243; top_shape_color=\u00bb#ffffff\u00bb bottom_shape_color=\u00bb#ffffff\u00bb sidebar=\u00bbsidebar-1&#8243;][vc_column][vc_row_inner][vc_column_inner][mk_fancy_title size=\u00bb\u00bb margin_bottom=\u00bb0&#8243; font_family=\u00bbnone\u00bb responsive_align=\u00bbleft\u00bb]\n<p>PROYECTOS<\/p>\n[\/mk_fancy_title][\/vc_column_inner][\/vc_row_inner][vc_row_inner][vc_column_inner][mk_fancy_title tag_name=\u00bbh3&#8243; color=\u00bb#787a79&#8243; size=\u00bb20&#8243; margin_bottom=\u00bb0&#8243; font_family=\u00bbnone\u00bb responsive_align=\u00bbleft\u00bb el_class=\u00bbitaly_style\u00bb]Estos son solo algunos de los proyectos que hemos llevado a cabo, en los que hemos puesto toda la pasi\u00f3n y el saber hacer adquiridos a lo largo de los a\u00f1os. Ver sonre\u00edr a nuestros clientes al finalizar el trabajo es nuestra mayor satisfacci\u00f3n.[\/mk_fancy_title][mk_padding_divider size=\u00bb15&#8243;][\/vc_column_inner][\/vc_row_inner][vc_row_inner][vc_column_inner][mk_portfolio meta_type=\u00bbnone\u00bb sortable=\u00bbfalse\u00bb pagination=\u00bbfalse\u00bb][\/vc_column_inner][\/vc_row_inner][\/vc_column][\/mk_page_section][mk_page_section bg_image=\u00bbhttps:\/\/ropsarchitetturaepaesaggio.com\/wp-content\/uploads\/2017\/05\/bg-page-abstract.png\u00bb bg_color=\u00bb#27ae60&#8243; bg_position=\u00bbcenter center\u00bb top_shadow=\u00bbtrue\u00bb min_height=\u00bb\u00bb padding_top=\u00bb40&#8243; padding_bottom=\u00bb15&#8243; top_shape_color=\u00bb#ffffff\u00bb bottom_shape_color=\u00bb#ffffff\u00bb sidebar=\u00bbsidebar-1&#8243;][vc_column][vc_row_inner][vc_column_inner][vc_cta h2=\u00bbConvierte La Belleza En Realidad\u00bb shape=\u00bbsquare\u00bb style=\u00bbcustom\u00bb add_button=\u00bbright\u00bb btn_title=\u00bbSolicite un presupuesto gratuito\u00bb btn_style=\u00bbflat\u00bb btn_shape=\u00bbsquare\u00bb btn_color=\u00bbwarning\u00bb btn_size=\u00bblg\u00bb btn_i_type=\u00bblinecons\u00bb btn_i_icon_linecons=\u00bbvc_li vc_li-pen\u00bb btn_add_icon=\u00bbtrue\u00bb custom_background=\u00bbrgba(255,255,255,0.01)\u00bb custom_text=\u00bb#ffffff\u00bb el_class=\u00bbrops_call_to_action\u00bb css=\u00bb.vc_custom_1506340979940{border-top-width: 0px !important;border-right-width: 0px !important;border-bottom-width: 0px !important;border-left-width: 0px !important;}\u00bb btn_link=\u00bburl:https%3A%2F%2Fropsarchitetturaepaesaggio.com%2Fcontatti%2F|\u00bb]Ya sea para redise\u00f1ar su jard\u00edn, organizar su balc\u00f3n o renovar y mejorar su casa, este es su lugar. Cu\u00e9ntanos tu proyecto: estaremos encantados de ayudarte para hacerlo realidad.[\/vc_cta][\/vc_column_inner][\/vc_row_inner][\/vc_column][\/mk_page_section]\n<\/div>","protected":false},"excerpt":{"rendered":"<p>[mk_page_section bg_image=\u00bbhttps:\/\/ropsarchitetturaepaesaggio.com\/wp-content\/uploads\/2017\/06\/intro_progetti_in_corso.jpg\u00bb bg_color=\u00bb#ffffff\u00bb bg_position=\u00bbcenter center\u00bb bg_repeat=\u00bbno-repeat\u00bb bg_stretch=\u00bbtrue\u00bb min_height=\u00bb300&#8243; full_width=\u00bbtrue\u00bb padding_top=\u00bb0&#8243; padding_bottom=\u00bb0&#8243; top_shape_color=\u00bb#ffffff\u00bb bottom_shape_color=\u00bb#ffffff\u00bb section_id=\u00bbintro_progettazione_giardini\u00bb sidebar=\u00bbsidebar-1&#8243;][vc_column][\/vc_column][\/mk_page_section][mk_page_section bg_color=\u00bb#ffffff\u00bb padding_top=\u00bb90&#8243; padding_bottom=\u00bb90&#8243; top_shape_color=\u00bb#ffffff\u00bb bottom_shape_color=\u00bb#ffffff\u00bb sidebar=\u00bbsidebar-1&#8243;][vc_column][vc_row_inner][vc_column_inner][mk_fancy_title size=\u00bb\u00bb margin_bottom=\u00bb0&#8243; font_family=\u00bbnone\u00bb responsive_align=\u00bbleft\u00bb] PROYECTOS [\/mk_fancy_title][\/vc_column_inner][\/vc_row_inner][vc_row_inner][vc_column_inner][mk_fancy_title tag_name=\u00bbh3&#8243; color=\u00bb#787a79&#8243; size=\u00bb20&#8243; margin_bottom=\u00bb0&#8243; font_family=\u00bbnone\u00bb responsive_align=\u00bbleft\u00bb el_class=\u00bbitaly_style\u00bb]Estos son solo algunos de los proyectos que hemos llevado a cabo, en los que hemos puesto toda la pasi\u00f3n y el [&hellip;]<\/p>\n","protected":false},"author":3,"featured_media":0,"parent":0,"menu_order":0,"comment_status":"closed","ping_status":"closed","template":"","meta":{"_acf_changed":false,"footnotes":""},"class_list":["post-3347","page","type-page","status-publish","hentry"],"acf":[],"aioseo_notices":[],"_links":{"self":[{"href":"https:\/\/ropsarchitetturaepaesaggio.com\/es\/wp-json\/wp\/v2\/pages\/3347","targetHints":{"allow":["GET"]}}],"collection":[{"href":"https:\/\/ropsarchitetturaepaesaggio.com\/es\/wp-json\/wp\/v2\/pages"}],"about":[{"href":"https:\/\/ropsarchitetturaepaesaggio.com\/es\/wp-json\/wp\/v2\/types\/page"}],"author":[{"embeddable":true,"href":"https:\/\/ropsarchitetturaepaesaggio.com\/es\/wp-json\/wp\/v2\/users\/3"}],"replies":[{"embeddable":true,"href":"https:\/\/ropsarchitetturaepaesaggio.com\/es\/wp-json\/wp\/v2\/comments?post=3347"}],"version-history":[{"count":1,"href":"https:\/\/ropsarchitetturaepaesaggio.com\/es\/wp-json\/wp\/v2\/pages\/3347\/revisions"}],"predecessor-version":[{"id":3465,"href":"https:\/\/ropsarchitetturaepaesaggio.com\/es\/wp-json\/wp\/v2\/pages\/3347\/revisions\/3465"}],"wp:attachment":[{"href":"https:\/\/ropsarchitetturaepaesaggio.com\/es\/wp-json\/wp\/v2\/media?parent=3347"}],"curies":[{"name":"wp","href":"https:\/\/api.w.org\/{rel}","templated":true}]}}